{"id":10,"date":"2022-11-25T05:55:54","date_gmt":"2022-11-25T05:55:54","guid":{"rendered":"https:\/\/www.autocaresnika.com\/?page_id=10"},"modified":"2025-10-30T14:45:36","modified_gmt":"2025-10-30T14:45:36","slug":"politica-de-cookies","status":"publish","type":"page","link":"https:\/\/www.autocaresnika.com\/ca\/politica-de-cookies\/","title":{"rendered":"Pol\u00edtica de cookies"},"content":{"rendered":"\n<p>Autocares Nika, S.L. no utilitza cookies per recollir informaci\u00f3 dels usuaris. \u00danicament s\u2019utilitzen cookies pr\u00f2pies, de sessi\u00f3, amb finalitat t\u00e8cnica (aquelles que permeten a l\u2019usuari la navegaci\u00f3 a trav\u00e9s del lloc web i la utilitzaci\u00f3 de les diferents opcions i serveis que en ell existeixin).<\/p>\n\n\n\n<p>El portal del que \u00e9s titular Autocares Nika, S.L. pot contenir enlla\u00e7os a llocs web de tercers, les pol\u00edtiques de privacitat dels quals s\u00f3n alienes a les d\u2019Autocares Nika, S.L. A l\u2019accedir als citats llocs webs vost\u00e8 pot decidir si accepta les seves pol\u00edtiques de privacitat i de cookies. Amb car\u00e0cter general, si navega per internet vost\u00e8 pot acceptar o refusar les cookies de tercers des de les opcions de configuraci\u00f3 del seu navegador.<\/p>\n","protected":false},"excerpt":{"rendered":"<p>Autocares Nika, S.L. no utilitza cookies per recollir informaci\u00f3 dels usuaris. \u00danicament s\u2019utilitzen cookies pr\u00f2pies, de sessi\u00f3, amb finalitat t\u00e8cnica (aquelles que permeten a l\u2019usuari la navegaci\u00f3 a trav\u00e9s del lloc web i la utilitzaci\u00f3 de les diferents opcions i serveis que en ell existeixin). El portal del que \u00e9s titular Autocares Nika, S.L. pot [&hellip;]<\/p>\n","protected":false},"author":1,"featured_media":0,"parent":0,"menu_order":35,"comment_status":"closed","ping_status":"closed","template":"controllers\/legal-page.php","meta":{"_seopress_robots_primary_cat":"","_seopress_titles_title":"","_seopress_titles_desc":"","_seopress_robots_index":"","inline_featured_image":false,"footnotes":""},"class_list":["post-10","page","type-page","status-publish","hentry"],"_links":{"self":[{"href":"https:\/\/www.autocaresnika.com\/ca\/wp-json\/wp\/v2\/pages\/10","targetHints":{"allow":["GET"]}}],"collection":[{"href":"https:\/\/www.autocaresnika.com\/ca\/wp-json\/wp\/v2\/pages"}],"about":[{"href":"https:\/\/www.autocaresnika.com\/ca\/wp-json\/wp\/v2\/types\/page"}],"author":[{"embeddable":true,"href":"https:\/\/www.autocaresnika.com\/ca\/wp-json\/wp\/v2\/users\/1"}],"replies":[{"embeddable":true,"href":"https:\/\/www.autocaresnika.com\/ca\/wp-json\/wp\/v2\/comments?post=10"}],"version-history":[{"count":0,"href":"https:\/\/www.autocaresnika.com\/ca\/wp-json\/wp\/v2\/pages\/10\/revisions"}],"wp:attachment":[{"href":"https:\/\/www.autocaresnika.com\/ca\/wp-json\/wp\/v2\/media?parent=10"}],"curies":[{"name":"wp","href":"https:\/\/api.w.org\/{rel}","templated":true}]}}