{"id":140,"date":"2022-11-26T08:10:51","date_gmt":"2022-11-26T08:10:51","guid":{"rendered":"https:\/\/www.autocaresnika.com\/?page_id=140"},"modified":"2023-03-09T14:22:49","modified_gmt":"2023-03-09T14:22:49","slug":"contactar","status":"publish","type":"page","link":"https:\/\/www.autocaresnika.com\/ca\/contactar\/","title":{"rendered":"Contactar"},"content":{"rendered":"\n<div class=\"wp-block-cover alignfull header-pattern\" style=\"min-height:100vh;aspect-ratio:unset;\"><span aria-hidden=\"true\" class=\"wp-block-cover__background has-background-dim-40 has-background-dim\"><\/span><img decoding=\"async\" class=\"wp-block-cover__image-background\" alt=\"\" src=\"https:\/\/www.autocaresnika.com\/wp-content\/themes\/theme\/assets\/images\/placeholders\/background_cover_placeholder.jpg\" data-object-fit=\"cover\"\/><div class=\"wp-block-cover__inner-container is-layout-flow wp-block-cover-is-layout-flow\">\n<div class=\"wp-block-group is-layout-constrained wp-block-group-is-layout-constrained\">\n<h1 class=\"has-text-align-center has-white-color has-text-color wp-block-heading\">Demana pressupost sense comprom\u00eds<\/h1>\n\n\n\n<p class=\"has-text-align-center pattern-header has-white-color has-text-color has-large-font-size\"><strong>CONTACTAR<\/strong><\/p>\n<\/div>\n\n\n\n<div class=\"wp-block-outermost-icon-block items-justified-center button-down\"><a class=\"icon-container\" href=\"#start\" style=\"width:48px\"><svg viewBox=\"0 0 24 24\" xmlns=\"http:\/\/www.w3.org\/2000\/svg\" aria-hidden=\"true\"><path d=\"M17.5 11.6L12 16l-5.5-4.4.9-1.2L12 14l4.5-3.6 1 1.2z\"><\/path><\/svg><\/a><\/div>\n<\/div><\/div>\n\n\n\n<div class=\"wp-block-group alignfull is-style-section contacto-pattern is-layout-constrained wp-block-group-is-layout-constrained\" id=\"start\">\n<div class=\"wp-block-columns alignwide is-layout-flex wp-container-core-columns-is-layout-28f84493 wp-block-columns-is-layout-flex\">\n<div class=\"wp-block-column is-layout-constrained wp-block-column-is-layout-constrained\">\n<div class=\"wp-block-group is-vertical is-layout-flex wp-container-core-group-is-layout-60136548 wp-block-group-is-layout-flex\">\n<div class=\"wp-block-group is-layout-constrained wp-block-group-is-layout-constrained\">\n<h2 class=\"wp-block-heading\">Sol\u00b7licitar pressupost<\/h2>\n\n\n\n<p>Pots sol\u00b7licitar un pressupost o una reserva de servei de transport omplint el seg\u00fcent formulari o a trav\u00e9s de WhatsApp al seg\u00fcent n\u00famero:<\/p>\n\n\n\n<div class=\"wp-block-group is-nowrap is-layout-flex wp-container-core-group-is-layout-c8314f58 wp-block-group-is-layout-flex\">\n<div class=\"wp-block-outermost-icon-block\"><div class=\"icon-container\" style=\"width:38px\"><svg width=\"50\" height=\"49\" viewBox=\"0 0 50 49\" fill=\"none\" xmlns=\"http:\/\/www.w3.org\/2000\/svg\"><g filter=\"url(#filter0_d_34_857)\"><path d=\"M3.93854 21.7105C3.93751 25.4029 4.90983 29.0083 6.75869 32.1861L3.76172 43.0437L14.9599 40.1303C18.0572 41.8033 21.5275 42.68 25.054 42.6802H25.0633C36.7049 42.6802 46.1815 33.2805 46.1865 21.7271C46.1887 16.1286 43.9934 10.8642 40.0049 6.9035C36.017 2.94316 30.7134 0.760978 25.0624 0.758423C13.4194 0.758423 3.94351 10.1576 3.93871 21.7105\" fill=\"url(#paint0_linear_34_857)\"><\/path><\/g><path d=\"M3.18368 21.7036C3.18248 25.5289 4.18966 29.2632 6.10444 32.5548L3 43.8016L14.5998 40.7838C17.7959 42.5129 21.3944 43.4245 25.056 43.4259H25.0655C37.1248 43.4259 46.9418 33.688 46.9469 21.721C46.949 15.9214 44.6747 10.4677 40.5437 6.36515C36.4122 2.2631 30.9188 0.00238472 25.0655 0C13.0041 0 3.18866 9.73646 3.18386 21.7036H3.18368ZM10.0916 31.9879L9.65847 31.3057C7.83777 28.4331 6.87677 25.1136 6.87814 21.705C6.88209 11.7582 15.0404 3.66565 25.0723 3.66565C29.9305 3.66769 34.4962 5.54685 37.9303 8.95632C41.3641 12.3661 43.2537 16.8988 43.2525 21.7197C43.248 31.6665 35.0895 39.76 25.0655 39.76H25.0583C21.7943 39.7583 18.5933 38.8886 15.8016 37.245L15.1372 36.8541L8.25372 38.6448L10.0916 31.9877V31.9879Z\" fill=\"url(#paint1_linear_34_857)\"><\/path><path d=\"M19.5988 12.6302C19.1892 11.7269 18.7581 11.7086 18.3686 11.6928C18.0497 11.6792 17.6851 11.6802 17.3208 11.6802C16.9561 11.6802 16.3637 11.8163 15.863 12.3588C15.3617 12.9018 13.9492 14.2141 13.9492 16.8831C13.9492 19.5523 15.9085 22.1317 16.1816 22.494C16.4551 22.8557 19.9639 28.5081 25.5212 30.6826C30.1397 32.4897 31.0796 32.1303 32.082 32.0397C33.0845 31.9494 35.3169 30.7278 35.7723 29.461C36.2281 28.1944 36.2281 27.1086 36.0914 26.8817C35.9548 26.6557 35.5902 26.5199 35.0434 26.2488C34.4965 25.9774 31.8085 24.665 31.3074 24.4839C30.8061 24.303 30.4417 24.2127 30.0771 24.7559C29.7124 25.2983 28.6654 26.5199 28.3463 26.8817C28.0275 27.2444 27.7084 27.2895 27.1618 27.0182C26.6147 26.746 24.8539 26.1738 22.7649 24.3258C21.1395 22.8879 20.0422 21.1121 19.7233 20.5689C19.4043 20.0265 19.6891 19.7325 19.9633 19.4622C20.2089 19.2191 20.5102 18.8287 20.7838 18.5121C21.0564 18.1952 21.1474 17.9692 21.3297 17.6074C21.5122 17.2453 21.4209 16.9284 21.2844 16.6571C21.1474 16.3858 20.085 13.7029 19.5988 12.6303\" fill=\"white\"><\/path><defs><filter id=\"filter0_d_34_857\" x=\"0.831924\" y=\"0.758423\" width=\"48.2854\" height=\"48.1449\" filterUnits=\"userSpaceOnUse\" color-interpolation-filters=\"sRGB\"><feFlood flood-opacity=\"0\" result=\"BackgroundImageFix\"><\/feFlood><feColorMatrix in=\"SourceAlpha\" type=\"matrix\" values=\"0 0 0 0 0 0 0 0 0 0 0 0 0 0 0 0 0 0 127 0\" result=\"hardAlpha\"><\/feColorMatrix><feOffset dy=\"2.9298\"><\/feOffset><fegaussianblur stdDeviation=\"1.4649\"><\/fegaussianblur><feComposite in2=\"hardAlpha\" operator=\"out\"><\/feComposite><feColorMatrix type=\"matrix\" values=\"0 0 0 0 0 0 0 0 0 0 0 0 0 0 0 0 0 0 0.25 0\"><\/feColorMatrix><feBlend mode=\"normal\" in2=\"BackgroundImageFix\" result=\"effect1_dropShadow_34_857\"><\/feBlend><feBlend mode=\"normal\" in=\"SourceGraphic\" in2=\"effect1_dropShadow_34_857\" result=\"shape\"><\/feBlend><\/filter><linearGradient id=\"paint0_linear_34_857\" x1=\"24.9741\" y1=\"43.0437\" x2=\"24.9741\" y2=\"0.758423\" gradientUnits=\"userSpaceOnUse\"><stop stop-color=\"#1FAF38\"><\/stop><stop offset=\"1\" stop-color=\"#60D669\"><\/stop><\/linearGradient><linearGradient id=\"paint1_linear_34_857\" x1=\"24.9735\" y1=\"43.8016\" x2=\"24.9735\" y2=\"0\" gradientUnits=\"userSpaceOnUse\"><stop stop-color=\"#F9F9F9\"><\/stop><stop offset=\"1\" stop-color=\"white\"><\/stop><\/linearGradient><\/defs><\/svg><\/div><\/div>\n\n\n\n<p class=\"has-medium-font-size\"><strong>680 451 139<\/strong><\/p>\n<\/div>\n<\/div>\n\n\n\n<div class=\"wp-block-group is-layout-constrained wp-block-group-is-layout-constrained\">\n<h2 class=\"wp-block-heading\">Assist\u00e8ncia 24\/7<\/h2>\n\n\n\n<p>Disposem d&#8217;un tel\u00e8fon d&#8217;atenci\u00f3 i assist\u00e8ncia 24\/7.<br>Posem a la vostra disposici\u00f3 el nostre equip t\u00e8cnic que us donar\u00e0 suport i assessorar\u00e0 de forma personalitzada.<\/p>\n\n\n\n<div class=\"wp-block-group is-nowrap is-layout-flex wp-container-core-group-is-layout-c8314f58 wp-block-group-is-layout-flex\">\n<div class=\"wp-block-outermost-icon-block\"><div class=\"icon-container\" style=\"width:28px\"><svg width=\"32\" height=\"32\" viewBox=\"0 0 32 32\" fill=\"none\" xmlns=\"http:\/\/www.w3.org\/2000\/svg\"><path fill-rule=\"evenodd\" clip-rule=\"evenodd\" d=\"M3.77094 1.02205C4.12089 0.672627 4.5411 0.401566 5.00374 0.22683C5.46637 0.052093 5.96085 -0.022329 6.45442 0.00849541C6.94799 0.0393198 7.42937 0.174687 7.86667 0.405626C8.30396 0.636565 8.68719 0.957802 8.99094 1.34805L12.5809 5.96005C13.2389 6.80605 13.4709 7.90805 13.2109 8.94805L12.1169 13.328C12.0604 13.5549 12.0634 13.7925 12.1258 14.0179C12.1882 14.2432 12.3078 14.4486 12.4729 14.614L17.3869 19.528C17.5526 19.6936 17.7583 19.8133 17.984 19.8757C18.2098 19.9381 18.4478 19.941 18.6749 19.8841L23.0529 18.7901C23.5662 18.6617 24.1019 18.6518 24.6195 18.7609C25.1371 18.87 25.6232 19.0954 26.0409 19.42L30.6529 23.008C32.3109 24.298 32.4629 26.748 30.9789 28.23L28.9109 30.298C27.4309 31.778 25.2189 32.4281 23.1569 31.702C17.8793 29.8451 13.0875 26.8237 9.13694 22.862C5.17552 18.9121 2.15416 14.121 0.296942 8.84405C-0.427058 6.78405 0.222942 4.57005 1.70294 3.09005L3.77094 1.02205Z\" fill=\"#5B5B5B\"><\/path><\/svg><\/div><\/div>\n\n\n\n<p class=\"has-medium-font-size\"><strong>977 242 460<\/strong><\/p>\n<\/div>\n<\/div>\n<\/div>\n<\/div>\n\n\n\n<div class=\"wp-block-column is-layout-flow wp-block-column-is-layout-flow\">\n<div class=\"wp-block-group has-gray-light-background-color has-background is-layout-constrained wp-container-core-group-is-layout-dc2aeaf0 wp-block-group-is-layout-constrained\" style=\"padding-top:2em;padding-right:2em;padding-bottom:2em;padding-left:2em\">\n<h4 class=\"is-style-section wp-block-heading\">FORMULARI DE SOL\u00b7LICITUD DE PRESSUPOST<\/h4>\n\n\n\n<div class=\"wp-block-contact-form-7-contact-form-selector\">\n<div class=\"wpcf7 no-js\" id=\"wpcf7-f181-o1\" lang=\"ca\" dir=\"ltr\" data-wpcf7-id=\"181\">\n<div class=\"screen-reader-response\"><p role=\"status\" aria-live=\"polite\" aria-atomic=\"true\"><\/p> <ul><\/ul><\/div>\n<form action=\"\/ca\/wp-json\/wp\/v2\/pages\/140#wpcf7-f181-o1\" method=\"post\" class=\"wpcf7-form init\" aria-label=\"Formulari de contacte\" novalidate=\"novalidate\" data-status=\"init\">\n<fieldset class=\"hidden-fields-container\"><input type=\"hidden\" name=\"_wpcf7\" value=\"181\" \/><input type=\"hidden\" name=\"_wpcf7_version\" value=\"6.1.5\" \/><input type=\"hidden\" name=\"_wpcf7_locale\" value=\"ca\" \/><input type=\"hidden\" name=\"_wpcf7_unit_tag\" value=\"wpcf7-f181-o1\" \/><input type=\"hidden\" name=\"_wpcf7_container_post\" value=\"0\" \/><input type=\"hidden\" name=\"_wpcf7_posted_data_hash\" value=\"\" \/>\n<\/fieldset>\n<div class=\"form-field\">\n\t<label for=\"name-surname\">Nom i cognoms <span class=\"required\">*<\/span><\/label>\n\t<span class=\"wpcf7-form-control-wrap\" data-name=\"name-surname\"><input size=\"40\" maxlength=\"400\" class=\"wpcf7-form-control wpcf7-text wpcf7-validates-as-required\" id=\"name-surname\" aria-required=\"true\" aria-invalid=\"false\" value=\"\" type=\"text\" name=\"name-surname\" \/><\/span>\n<\/div>\n\n<div class=\"form-field\">\n\t<label for=\"telephone\" id=\"telephone\">Tel\u00e8fon de contacte <span class=\"required\">*<\/span><\/label>\n\t<span class=\"wpcf7-form-control-wrap\" data-name=\"telephone\"><input size=\"40\" maxlength=\"400\" class=\"wpcf7-form-control wpcf7-tel wpcf7-validates-as-required wpcf7-text wpcf7-validates-as-tel\" id=\"telephone\" aria-required=\"true\" aria-invalid=\"false\" value=\"\" type=\"tel\" name=\"telephone\" \/><\/span>\n<\/div>\n\n<div class=\"form-field\">\n\t<label for=\"email\" id=\"email\">Email de contacte <span class=\"required\">*<\/span><\/label>\n\t<span class=\"wpcf7-form-control-wrap\" data-name=\"email\"><input size=\"40\" maxlength=\"400\" class=\"wpcf7-form-control wpcf7-email wpcf7-validates-as-required wpcf7-text wpcf7-validates-as-email\" id=\"email\" aria-required=\"true\" aria-invalid=\"false\" value=\"\" type=\"email\" name=\"email\" \/><\/span>\n<\/div>\n\n<div class=\"form-field\">\n\t<label for=\"lugar-salida\">Lloc de sortida <\/label>\n\t<span class=\"wpcf7-form-control-wrap\" data-name=\"lugar-salida\"><input size=\"40\" maxlength=\"400\" class=\"wpcf7-form-control wpcf7-text\" id=\"lugar-salida\" aria-invalid=\"false\" value=\"\" type=\"text\" name=\"lugar-salida\" \/><\/span>\n<\/div>\n\n<div class=\"form-field\">\n\t<label for=\"fecha-hora-salida\">Data i hora de sortida <\/label>\n\t<span class=\"wpcf7-form-control-wrap\" data-name=\"fecha-hora-salida\"><input class=\"wpcf7-form-control wpcf7-datetime wpcf7-validates-as-datetime\" id=\"fecha-hora-salida\" aria-invalid=\"false\" value=\"\" type=\"datetime-local\" name=\"fecha-hora-salida\" \/><\/span>\n<\/div>\n\n<div class=\"form-field\">\n\t<label for=\"lugar-destino\">Lloc de dest\u00ed <\/label>\n\t<span class=\"wpcf7-form-control-wrap\" data-name=\"lugar-destino\"><input size=\"40\" maxlength=\"400\" class=\"wpcf7-form-control wpcf7-text\" id=\"lugar-destino\" aria-invalid=\"false\" value=\"\" type=\"text\" name=\"lugar-destino\" \/><\/span>\n<\/div>\n\n<div class=\"form-field\">\n\t<label for=\"fecha-hora-retorno\">Data i hora de tornada <\/label>\n\t<span class=\"wpcf7-form-control-wrap\" data-name=\"fecha-hora-retorno\"><input class=\"wpcf7-form-control wpcf7-datetime wpcf7-validates-as-datetime\" id=\"fecha-hora-retorno\" aria-invalid=\"false\" value=\"\" type=\"datetime-local\" name=\"fecha-hora-retorno\" \/><\/span>\n<\/div>\n\n<div class=\"form-field\">\n\t<label for=\"pasajeros\">Nombre de passatgers <\/label>\n\t<span class=\"wpcf7-form-control-wrap\" data-name=\"pasajeros\"><input class=\"wpcf7-form-control wpcf7-number wpcf7-validates-as-number\" aria-invalid=\"false\" value=\"\" type=\"number\" name=\"pasajeros\" \/><\/span>\n<\/div>\n\n<div class=\"form-field\">\n\t<label for=\"message\" id=\"message\">El teu missatge<\/label>\n\t<span class=\"wpcf7-form-control-wrap\" data-name=\"message\"><textarea cols=\"40\" rows=\"10\" maxlength=\"2000\" class=\"wpcf7-form-control wpcf7-textarea wpcf7-validates-as-required\" id=\"message\" aria-required=\"true\" aria-invalid=\"false\" name=\"message\"><\/textarea><\/span>\n<\/div>\n\n<div class=\"form-field\">\n\t<label for=\"privacy-policy\">Pol\u00edtica de privacitat<\/label>\n\t<span class=\"wpcf7-form-control-wrap\" data-name=\"privacy-policy\"><span class=\"wpcf7-form-control wpcf7-acceptance\"><span class=\"wpcf7-list-item\"><label><input type=\"checkbox\" name=\"privacy-policy\" value=\"1\" id=\"privacy-policy\" aria-invalid=\"false\" \/><span class=\"wpcf7-list-item-label\">Autoritzo a Autocars Nika a utilitzar les meves dades d'acord amb la finalitat d'aquest formulari<\/span><\/label><\/span><\/span><\/span>\n<\/div>\n<span id=\"wpcf7-69dec1365375b-wrapper\" class=\"wpcf7-form-control-wrap subject-wrap\" style=\"display:none !important; visibility:hidden !important;\"><label for=\"wpcf7-69dec1365375b-field\" class=\"hp-message\">Deixeu aquest camp buit.<\/label><input id=\"wpcf7-69dec1365375b-field\"  class=\"wpcf7-form-control wpcf7-text\" type=\"text\" name=\"subject\" value=\"\" size=\"40\" tabindex=\"-1\" autocomplete=\"new-password\" \/><\/span>\n<div class=\"form-field\">\n\t<input class=\"wpcf7-form-control wpcf7-submit has-spinner\" type=\"submit\" value=\"Enviar\" \/>\n<\/div>\n<div class=\"form-field form-instructions\">\n\t\u00c9s obligatori emplenar els camps marcats amb un asterisc<span class=\"required\">*<\/span>\n<\/div><div class=\"wpcf7-response-output\" aria-hidden=\"true\"><\/div>\n<\/form>\n<\/div>\n<\/div>\n<\/div>\n<\/div>\n<\/div>\n<\/div>\n\n\n\n<div class=\"wp-block-group alignfull departamentos is-style-section has-gray-light-background-color has-background is-layout-constrained wp-block-group-is-layout-constrained\">\n<h2 class=\"alignwide wp-block-heading\">Departaments Autocars Nika<\/h2>\n\n\n\n<div class=\"wp-block-group alignwide departamentos__collection is-content-justification-space-between is-layout-flex wp-container-core-group-is-layout-9366075c wp-block-group-is-layout-flex\">\n<div class=\"wp-block-group departamentos__item has-white-background-color has-background is-layout-constrained wp-block-group-is-layout-constrained\">\n<p><strong>Elisa Miquel<br><\/strong>Direcci\u00f3 &#8211; Administraci\u00f3<\/p>\n\n\n\n<hr class=\"wp-block-separator has-alpha-channel-opacity is-style-default\"\/>\n\n\n\n<p>elisa@autocaresnika.com<br>699 918 239<\/p>\n<\/div>\n\n\n\n<div class=\"wp-block-group departamentos__item has-white-background-color has-background is-layout-constrained wp-block-group-is-layout-constrained\">\n<p><strong>Gloria Miquel<br><\/strong>Direcci\u00f3 \u2013 Log\u00edstica<\/p>\n\n\n\n<hr class=\"wp-block-separator has-alpha-channel-opacity is-style-default\"\/>\n\n\n\n<p>gloria@autocaresnika.com<br>630 052 580<\/p>\n<\/div>\n\n\n\n<div class=\"wp-block-group departamentos__item has-white-background-color has-background is-layout-constrained wp-block-group-is-layout-constrained\">\n<p><strong>Josep M. Miquel<\/strong><br>Direcci\u00f3 \u2013 Taller<\/p>\n\n\n\n<hr class=\"wp-block-separator has-alpha-channel-opacity is-style-default\"\/>\n\n\n\n<p>jose@autocaresnika.com<br>630 052 579<\/p>\n<\/div>\n\n\n\n<div class=\"wp-block-group departamentos__item has-white-background-color has-background is-layout-constrained wp-block-group-is-layout-constrained\">\n<p><strong>Enrique S\u00e1nchez<\/strong><br>Gerent<\/p>\n\n\n\n<hr class=\"wp-block-separator has-alpha-channel-opacity is-style-default\"\/>\n\n\n\n<p>ehitar@autocaresnika.com<br><\/p>\n<\/div>\n\n\n\n<div class=\"wp-block-group departamentos__item has-white-background-color has-background is-layout-constrained wp-block-group-is-layout-constrained\">\n<p><strong>Llu\u00eds G\u00f3mez<\/strong><br>Direcci\u00f3 \u2013 Log\u00edstica<\/p>\n\n\n\n<hr class=\"wp-block-separator has-alpha-channel-opacity is-style-default\"\/>\n\n\n\n<p>lluis@autocaresnika.com<br>620 169 728<\/p>\n<\/div>\n\n\n\n<div class=\"wp-block-group departamentos__item has-white-background-color has-background is-layout-constrained wp-block-group-is-layout-constrained\">\n<p><strong>Montserrat Fern\u00e1ndez<\/strong><br>Directora Comercial<\/p>\n\n\n\n<hr class=\"wp-block-separator has-alpha-channel-opacity is-style-default\"\/>\n\n\n\n<p>montse@autocaresnika.com<br>977 242 460<\/p>\n<\/div>\n\n\n\n<div class=\"wp-block-group departamentos__item has-white-background-color has-background is-layout-constrained wp-block-group-is-layout-constrained\">\n<p><strong>Maria Ortiz<\/strong><br>Comptabilitat<\/p>\n\n\n\n<hr class=\"wp-block-separator has-alpha-channel-opacity is-style-default\"\/>\n\n\n\n<p>maria@autocaresnika.com<br>977 242 460<\/p>\n<\/div>\n\n\n\n<div class=\"wp-block-group departamentos__item has-white-background-color has-background is-layout-constrained wp-block-group-is-layout-constrained\">\n<p><strong>V\u00edctor Ramiro<\/strong><br>Director d&#8217;operacions<\/p>\n\n\n\n<hr class=\"wp-block-separator has-alpha-channel-opacity is-style-default\"\/>\n\n\n\n<p>victor@autocaresnika.com<br>699 439 670<\/p>\n<\/div>\n<\/div>\n<\/div>\n","protected":false},"excerpt":{"rendered":"<p>Sol\u00b7licitar pressupost Pots sol\u00b7licitar un pressupost o una reserva de servei de transport omplint el seg\u00fcent formulari o a trav\u00e9s de WhatsApp al seg\u00fcent n\u00famero: 680 451 139 Assist\u00e8ncia 24\/7 Disposem d&#8217;un tel\u00e8fon d&#8217;atenci\u00f3 i assist\u00e8ncia 24\/7.Posem a la vostra disposici\u00f3 el nostre equip t\u00e8cnic que us donar\u00e0 suport i assessorar\u00e0 de forma personalitzada. 977 [&hellip;]<\/p>\n","protected":false},"author":1,"featured_media":0,"parent":0,"menu_order":30,"comment_status":"closed","ping_status":"closed","template":"","meta":{"_seopress_robots_primary_cat":"","_seopress_titles_title":"","_seopress_titles_desc":"","_seopress_robots_index":"","inline_featured_image":false,"footnotes":""},"class_list":["post-140","page","type-page","status-publish","hentry"],"_links":{"self":[{"href":"https:\/\/www.autocaresnika.com\/ca\/wp-json\/wp\/v2\/pages\/140","targetHints":{"allow":["GET"]}}],"collection":[{"href":"https:\/\/www.autocaresnika.com\/ca\/wp-json\/wp\/v2\/pages"}],"about":[{"href":"https:\/\/www.autocaresnika.com\/ca\/wp-json\/wp\/v2\/types\/page"}],"author":[{"embeddable":true,"href":"https:\/\/www.autocaresnika.com\/ca\/wp-json\/wp\/v2\/users\/1"}],"replies":[{"embeddable":true,"href":"https:\/\/www.autocaresnika.com\/ca\/wp-json\/wp\/v2\/comments?post=140"}],"version-history":[{"count":0,"href":"https:\/\/www.autocaresnika.com\/ca\/wp-json\/wp\/v2\/pages\/140\/revisions"}],"wp:attachment":[{"href":"https:\/\/www.autocaresnika.com\/ca\/wp-json\/wp\/v2\/media?parent=140"}],"curies":[{"name":"wp","href":"https:\/\/api.w.org\/{rel}","templated":true}]}}