{"id":496,"date":"2023-02-14T14:43:06","date_gmt":"2023-02-14T14:43:06","guid":{"rendered":"https:\/\/www.autocaresnika.com\/calidad\/"},"modified":"2023-03-09T12:36:38","modified_gmt":"2023-03-09T12:36:38","slug":"qualitat","status":"publish","type":"page","link":"https:\/\/www.autocaresnika.com\/ca\/qualitat\/","title":{"rendered":"Calidad"},"content":{"rendered":"\n<div class=\"wp-block-cover alignfull header-pattern\" style=\"min-height:100vh;aspect-ratio:unset;\"><span aria-hidden=\"true\" class=\"wp-block-cover__background has-background-dim-40 has-background-dim\"><\/span><img decoding=\"async\" class=\"wp-block-cover__image-background\" alt=\"\" src=\"https:\/\/www.autocaresnika.com\/wp-content\/themes\/theme\/assets\/images\/placeholders\/background_cover_placeholder.jpg\" data-object-fit=\"cover\"\/><div class=\"wp-block-cover__inner-container is-layout-flow wp-block-cover-is-layout-flow\">\n<div class=\"wp-block-group is-layout-constrained wp-block-group-is-layout-constrained\">\n<h1 class=\"has-text-align-center has-white-color has-text-color wp-block-heading\">Sempre millorant<\/h1>\n\n\n\n<p class=\"has-text-align-center pattern-header has-white-color has-text-color has-large-font-size\"><strong>QUALITAT<\/strong><\/p>\n<\/div>\n\n\n\n<div class=\"wp-block-outermost-icon-block items-justified-center button-down\"><a class=\"icon-container\" href=\"#start\" style=\"width:48px\"><svg viewBox=\"0 0 24 24\" xmlns=\"http:\/\/www.w3.org\/2000\/svg\" aria-hidden=\"true\"><path d=\"M17.5 11.6L12 16l-5.5-4.4.9-1.2L12 14l4.5-3.6 1 1.2z\"><\/path><\/svg><\/a><\/div>\n<\/div><\/div>\n\n\n\n<div class=\"wp-block-group alignfull is-style-section has-white-background-color has-background is-layout-constrained wp-block-group-is-layout-constrained\" id=\"start\">\n<div class=\"wp-block-group aligncenter is-layout-constrained wp-block-group-is-layout-constrained\">\n<h2 class=\"has-text-align-center wp-block-heading\">Implantaci\u00f3 dels principals sistemes de gesti\u00f3 de qualitat.<\/h2>\n<\/div>\n<\/div>\n\n\n\n<div class=\"wp-block-group alignfull is-style-section sellos-calidad is-layout-constrained wp-block-group-is-layout-constrained\">\n<div class=\"wp-block-group aligncenter sellos-calidad__collection is-vertical is-layout-flex wp-container-core-group-is-layout-fe9cc265 wp-block-group-is-layout-flex\">\n<div class=\"wp-block-columns are-vertically-aligned-top is-not-stacked-on-mobile sellos-calidad__item is-layout-flex wp-container-core-columns-is-layout-28f84493 wp-block-columns-is-layout-flex\">\n<div class=\"wp-block-column is-vertically-aligned-top is-layout-flow wp-block-column-is-layout-flow\" style=\"flex-basis:20%\">\n<figure class=\"wp-block-image size-full sellos-calidad__imagen\"><img alt=\"\" loading=\"lazy\" decoding=\"async\" width=\"264\" height=\"456\" src=\"https:\/\/www.autocaresnika.com\/wp-content\/uploads\/2023\/02\/iso9001.png\" alt=\"\" class=\"wp-image-199\" srcset=\"https:\/\/www.autocaresnika.com\/wp-content\/uploads\/2023\/02\/iso9001.png 264w, https:\/\/www.autocaresnika.com\/wp-content\/uploads\/2023\/02\/iso9001-174x300.png 174w\" sizes=\"auto, (max-width: 264px) 100vw, 264px\" \/><\/figure>\n<\/div>\n\n\n\n<div class=\"wp-block-column is-vertically-aligned-top is-layout-flow wp-block-column-is-layout-flow\" style=\"flex-basis:80%\">\n<div class=\"wp-block-group is-vertical is-layout-flex wp-container-core-group-is-layout-f8708728 wp-block-group-is-layout-flex\" style=\"padding-bottom:1.1em\">\n<h3 class=\"has-header-color-color has-text-color has-x-large-font-size wp-block-heading\" style=\"margin-top:0;margin-right:0;margin-bottom:0;margin-left:0\">ISO 9001<\/h3>\n\n\n\n<p class=\"has-medium-font-size\" style=\"margin-top:0px;margin-right:0px;margin-bottom:0px;margin-left:0px\">Sistema de gesti\u00f3 de qualitat<\/p>\n\n\n\n<p style=\"margin-top:0px;margin-right:0px;margin-bottom:0px;margin-left:0px\">Ens ofereix un sistema efica\u00e7 d&#8217;administraci\u00f3 i millora de la qualitat dels serveis que oferim, amb una cura especial de l&#8217;atenci\u00f3 de l&#8217;usuari, resoluci\u00f3 de queixes i millora del servei.<\/p>\n<\/div>\n<\/div>\n<\/div>\n\n\n\n<div class=\"wp-block-columns are-vertically-aligned-top is-not-stacked-on-mobile sellos-calidad__item is-layout-flex wp-container-core-columns-is-layout-28f84493 wp-block-columns-is-layout-flex\">\n<div class=\"wp-block-column is-vertically-aligned-top is-layout-flow wp-block-column-is-layout-flow\" style=\"flex-basis:20%\">\n<figure class=\"wp-block-image size-full sellos-calidad__imagen\"><img alt=\"\" loading=\"lazy\" decoding=\"async\" width=\"264\" height=\"456\" src=\"https:\/\/www.autocaresnika.com\/wp-content\/uploads\/2023\/02\/iso14001.png\" alt=\"\" class=\"wp-image-215\" srcset=\"https:\/\/www.autocaresnika.com\/wp-content\/uploads\/2023\/02\/iso14001.png 264w, https:\/\/www.autocaresnika.com\/wp-content\/uploads\/2023\/02\/iso14001-174x300.png 174w\" sizes=\"auto, (max-width: 264px) 100vw, 264px\" \/><\/figure>\n<\/div>\n\n\n\n<div class=\"wp-block-column is-vertically-aligned-top is-layout-flow wp-block-column-is-layout-flow\" style=\"flex-basis:80%\">\n<div class=\"wp-block-group is-vertical is-layout-flex wp-container-core-group-is-layout-f8708728 wp-block-group-is-layout-flex\" style=\"padding-bottom:1.1em\">\n<h3 class=\"has-header-color-color has-text-color has-x-large-font-size wp-block-heading\" style=\"margin-top:0;margin-right:0;margin-bottom:0;margin-left:0\">ISO 14001<\/h3>\n\n\n\n<p class=\"has-medium-font-size\" style=\"margin-top:0px;margin-right:0px;margin-bottom:0px;margin-left:0px;line-height:1.3\">Sistema de gesti\u00f3 ambiental de l&#8217;organitzaci\u00f3<\/p>\n\n\n\n<p style=\"margin-top:0.5em;margin-right:0px;margin-bottom:0px;margin-left:0px\">Ens permet sistematitzar de forma adequada la incid\u00e8ncia a l&#8217;entorn natural de cadascuna de les activitats de la nostra empresa, a trav\u00e9s del seguiment d&#8217;una s\u00e8rie de protocols dirigits a la protecci\u00f3 mediambiental, optimitzant la gesti\u00f3 dels nostres recursos per evitar impactes ambientals negatius de l&#8217;activitat i riscos associats.<\/p>\n<\/div>\n<\/div>\n<\/div>\n\n\n\n<div class=\"wp-block-columns are-vertically-aligned-top is-not-stacked-on-mobile sellos-calidad__item is-layout-flex wp-container-core-columns-is-layout-28f84493 wp-block-columns-is-layout-flex\">\n<div class=\"wp-block-column is-vertically-aligned-top is-layout-flow wp-block-column-is-layout-flow\" style=\"flex-basis:20%\">\n<figure class=\"wp-block-image size-full sellos-calidad__imagen\"><img alt=\"\" loading=\"lazy\" decoding=\"async\" width=\"264\" height=\"456\" src=\"https:\/\/www.autocaresnika.com\/wp-content\/uploads\/2023\/02\/iso13816.png\" alt=\"\" class=\"wp-image-211\" srcset=\"https:\/\/www.autocaresnika.com\/wp-content\/uploads\/2023\/02\/iso13816.png 264w, https:\/\/www.autocaresnika.com\/wp-content\/uploads\/2023\/02\/iso13816-174x300.png 174w\" sizes=\"auto, (max-width: 264px) 100vw, 264px\" \/><\/figure>\n<\/div>\n\n\n\n<div class=\"wp-block-column is-vertically-aligned-top is-layout-flow wp-block-column-is-layout-flow\" style=\"flex-basis:80%\">\n<div class=\"wp-block-group is-vertical is-layout-flex wp-container-core-group-is-layout-f8708728 wp-block-group-is-layout-flex\" style=\"padding-bottom:1.1em\">\n<h3 class=\"has-header-color-color has-text-color has-x-large-font-size wp-block-heading\" style=\"margin-top:0;margin-right:0;margin-bottom:0;margin-left:0\">ISO 13816<\/h3>\n\n\n\n<p class=\"has-medium-font-size\" style=\"margin-top:0px;margin-right:0px;margin-bottom:0px;margin-left:0px;line-height:1.3\">Sistema de qualitat en transport de passatger<\/p>\n\n\n\n<p style=\"margin-top:0.5em;margin-right:0px;margin-bottom:0px;margin-left:0px\">Ens proporciona directrius als prestataris de serveis de transport per l&#8217;assumpci\u00f3 de compromisos de qualitat per tal de satisfer les expectatives dels clients. Aquestes directrius es basen en els criteris seg\u00fcents: Servei ofert, accessibilitat, informaci\u00f3, temps, atenci\u00f3 al client, confort, seguretat i impacte ambiental.<\/p>\n<\/div>\n<\/div>\n<\/div>\n\n\n\n<div class=\"wp-block-columns are-vertically-aligned-top is-not-stacked-on-mobile sellos-calidad__item is-layout-flex wp-container-core-columns-is-layout-28f84493 wp-block-columns-is-layout-flex\">\n<div class=\"wp-block-column is-vertically-aligned-top is-layout-flow wp-block-column-is-layout-flow\" style=\"flex-basis:20%\">\n<figure class=\"wp-block-image size-full sellos-calidad__imagen\"><img alt=\"\" loading=\"lazy\" decoding=\"async\" width=\"264\" height=\"456\" src=\"https:\/\/www.autocaresnika.com\/wp-content\/uploads\/2023\/02\/ohsas18001.png\" alt=\"\" class=\"wp-image-208\" srcset=\"https:\/\/www.autocaresnika.com\/wp-content\/uploads\/2023\/02\/ohsas18001.png 264w, https:\/\/www.autocaresnika.com\/wp-content\/uploads\/2023\/02\/ohsas18001-174x300.png 174w\" sizes=\"auto, (max-width: 264px) 100vw, 264px\" \/><\/figure>\n<\/div>\n\n\n\n<div class=\"wp-block-column is-vertically-aligned-top is-layout-flow wp-block-column-is-layout-flow\" style=\"flex-basis:80%\">\n<div class=\"wp-block-group is-vertical is-layout-flex wp-container-core-group-is-layout-f8708728 wp-block-group-is-layout-flex\" style=\"padding-bottom:1.1em\">\n<h3 class=\"has-header-color-color has-text-color has-x-large-font-size wp-block-heading\" style=\"margin-top:0;margin-right:0;margin-bottom:0;margin-left:0\">OSHAS 18001<\/h3>\n\n\n\n<p class=\"has-medium-font-size\" style=\"margin-top:0px;margin-right:0px;margin-bottom:0px;margin-left:0px;line-height:1.3\">Sistema de Gesti\u00f3 per a la Seguretat i Salut al centre de treball<\/p>\n\n\n\n<p style=\"margin-top:0.5em;margin-right:0px;margin-bottom:0px;margin-left:0px\">Permet identificar, prevenir riscos, identificar amenaces i implementar mesures de control necess\u00e0ries per evitar l&#8217;accidentalitat al lloc de treball. El comprom\u00eds de la nostra empresa amb la seguretat i la salut dels nostres empleats ens permet afirmar amb tota rotunditat que el grau d&#8217;accidentalitat \u00e9s inexistent, cosa que ratifica la motivaci\u00f3 dels nostres empleats perqu\u00e8 siguin m\u00e9s eficients i productius, eliminant el risc de sinistralitat.<\/p>\n<\/div>\n<\/div>\n<\/div>\n\n\n\n<div class=\"wp-block-columns are-vertically-aligned-top is-not-stacked-on-mobile sellos-calidad__item is-layout-flex wp-container-core-columns-is-layout-28f84493 wp-block-columns-is-layout-flex\">\n<div class=\"wp-block-column is-vertically-aligned-top is-layout-flow wp-block-column-is-layout-flow\" style=\"flex-basis:20%\">\n<figure class=\"wp-block-image size-full sellos-calidad__imagen\"><img alt=\"\" loading=\"lazy\" decoding=\"async\" width=\"264\" height=\"456\" src=\"https:\/\/www.autocaresnika.com\/wp-content\/uploads\/2023\/02\/une-iso39001.png\" alt=\"\" class=\"wp-image-205\" srcset=\"https:\/\/www.autocaresnika.com\/wp-content\/uploads\/2023\/02\/une-iso39001.png 264w, https:\/\/www.autocaresnika.com\/wp-content\/uploads\/2023\/02\/une-iso39001-174x300.png 174w\" sizes=\"auto, (max-width: 264px) 100vw, 264px\" \/><\/figure>\n<\/div>\n\n\n\n<div class=\"wp-block-column is-vertically-aligned-top is-layout-flow wp-block-column-is-layout-flow\" style=\"flex-basis:80%\">\n<div class=\"wp-block-group is-vertical is-layout-flex wp-container-core-group-is-layout-f8708728 wp-block-group-is-layout-flex\" style=\"padding-bottom:1.1em\">\n<h3 class=\"has-header-color-color has-text-color has-x-large-font-size wp-block-heading\" style=\"margin-top:0;margin-right:0;margin-bottom:0;margin-left:0\">ISO 39001<\/h3>\n\n\n\n<p class=\"has-medium-font-size\" style=\"margin-top:0px;margin-right:0px;margin-bottom:0px;margin-left:0px;line-height:1.3\">Sistema de gesti\u00f3 de seguretat vi\u00e0ria<\/p>\n\n\n\n<p style=\"margin-top:0.5em;margin-right:0px;margin-bottom:0px;margin-left:0px\">Aquesta norma internacional especifica els requisits per a un sistema de gesti\u00f3 de la seguretat vi\u00e0ria (SV) que permeti a una organitzaci\u00f3 que interactua amb el sistema viari a reduir les morts i les ferides greus derivades dels accidents de tr\u00e0nsit.<\/p>\n<\/div>\n<\/div>\n<\/div>\n<\/div>\n<\/div>\n","protected":false},"excerpt":{"rendered":"<p>Implantaci\u00f3 dels principals sistemes de gesti\u00f3 de qualitat.<\/p>\n","protected":false},"author":1,"featured_media":0,"parent":0,"menu_order":3,"comment_status":"closed","ping_status":"closed","template":"","meta":{"_seopress_robots_primary_cat":"","_seopress_titles_title":"","_seopress_titles_desc":"","_seopress_robots_index":"","inline_featured_image":false,"footnotes":""},"class_list":["post-496","page","type-page","status-publish","hentry"],"_links":{"self":[{"href":"https:\/\/www.autocaresnika.com\/ca\/wp-json\/wp\/v2\/pages\/496","targetHints":{"allow":["GET"]}}],"collection":[{"href":"https:\/\/www.autocaresnika.com\/ca\/wp-json\/wp\/v2\/pages"}],"about":[{"href":"https:\/\/www.autocaresnika.com\/ca\/wp-json\/wp\/v2\/types\/page"}],"author":[{"embeddable":true,"href":"https:\/\/www.autocaresnika.com\/ca\/wp-json\/wp\/v2\/users\/1"}],"replies":[{"embeddable":true,"href":"https:\/\/www.autocaresnika.com\/ca\/wp-json\/wp\/v2\/comments?post=496"}],"version-history":[{"count":0,"href":"https:\/\/www.autocaresnika.com\/ca\/wp-json\/wp\/v2\/pages\/496\/revisions"}],"wp:attachment":[{"href":"https:\/\/www.autocaresnika.com\/ca\/wp-json\/wp\/v2\/media?parent=496"}],"curies":[{"name":"wp","href":"https:\/\/api.w.org\/{rel}","templated":true}]}}