{"id":511,"date":"2023-02-15T18:08:55","date_gmt":"2023-02-15T18:08:55","guid":{"rendered":"https:\/\/www.autocaresnika.com\/flota\/business-class\/"},"modified":"2023-03-13T15:51:52","modified_gmt":"2023-03-13T15:51:52","slug":"business-class","status":"publish","type":"page","link":"https:\/\/www.autocaresnika.com\/ca\/flota\/business-class\/","title":{"rendered":"Business Class"},"content":{"rendered":"\n<div class=\"wp-block-cover alignfull is-light header-pattern\"><span aria-hidden=\"true\" class=\"wp-block-cover__background has-background-dim-40 has-background-dim\"><\/span><img alt=\"\" loading=\"lazy\" decoding=\"async\" width=\"1920\" height=\"1280\" class=\"wp-block-cover__image-background wp-image-305\" alt=\"\" src=\"https:\/\/www.autocaresnika.com\/wp-content\/uploads\/2023\/02\/autobus-1-img-3328.jpg\" data-object-fit=\"cover\" srcset=\"https:\/\/www.autocaresnika.com\/wp-content\/uploads\/2023\/02\/autobus-1-img-3328.jpg 1920w, https:\/\/www.autocaresnika.com\/wp-content\/uploads\/2023\/02\/autobus-1-img-3328-300x200.jpg 300w, https:\/\/www.autocaresnika.com\/wp-content\/uploads\/2023\/02\/autobus-1-img-3328-1024x683.jpg 1024w, https:\/\/www.autocaresnika.com\/wp-content\/uploads\/2023\/02\/autobus-1-img-3328-768x512.jpg 768w, https:\/\/www.autocaresnika.com\/wp-content\/uploads\/2023\/02\/autobus-1-img-3328-1536x1024.jpg 1536w\" sizes=\"auto, (max-width: 1920px) 100vw, 1920px\" \/><div class=\"wp-block-cover__inner-container is-layout-flow wp-block-cover-is-layout-flow\">\n<div class=\"wp-block-group is-layout-constrained wp-block-group-is-layout-constrained\">\n<h1 class=\"has-text-align-center has-white-color has-text-color wp-block-heading\">Business Class<\/h1>\n\n\n\n<p class=\"has-text-align-center pattern-header has-white-color has-text-color has-large-font-size\"><strong>FLOTA<\/strong><\/p>\n<\/div>\n\n\n\n<div class=\"wp-block-outermost-icon-block items-justified-center button-down\"><a class=\"icon-container\" href=\"#start\" style=\"width:48px\"><svg viewBox=\"0 0 24 24\" xmlns=\"http:\/\/www.w3.org\/2000\/svg\" aria-hidden=\"true\"><path d=\"M17.5 11.6L12 16l-5.5-4.4.9-1.2L12 14l4.5-3.6 1 1.2z\"><\/path><\/svg><\/a><\/div>\n<\/div><\/div>\n\n\n\n<div class=\"wp-block-group alignfull is-style-section has-white-background-color has-background is-layout-constrained wp-block-group-is-layout-constrained\" id=\"start\">\n<div class=\"wp-block-group aligncenter is-layout-constrained wp-block-group-is-layout-constrained\">\n<h2 class=\"wp-block-heading\">Viatja amb practicitat de manera f\u00e0cil aprofitant els nostres autocars de classe executiva, connecta&#8217;t al teu negoci amb Wi-Fi, mantenint el teu comprom\u00eds amb la preservaci\u00f3 del medi ambient.<\/h2>\n\n\n\n<div style=\"height:1.5em\" aria-hidden=\"true\" class=\"wp-block-spacer\"><\/div>\n\n\n\n<h3 class=\"wp-block-heading\">CARACTER\u00cdSTIQUES BUSINESS CLASS<\/h3>\n\n\n\n<div style=\"height:1.5em\" aria-hidden=\"true\" class=\"wp-block-spacer\"><\/div>\n\n\n\n<p>Homologaci\u00f3 Europea segons Norma T\u00e8cnica de Vehicle Complet.<\/p>\n\n\n\n<p><strong>Motor:<\/strong><br>Diversos tipus de motors de 200 CV a 430 CV i normatives d&#8217;emissions Euro 5 i 6.<\/p>\n\n\n\n<p><strong>Control d&#8217;emissions del motor mitjan\u00e7ant:<\/strong><\/p>\n\n\n\n<p>Reducci\u00f3 Catal\u00edtica Selectiva (Selective Catalytic Reduction SCR), Recirculaci\u00f3 de Gasos d&#8217;Escape (Exhaust Gas Recirculation EGR), Filtres de Part\u00edcules Di\u00e8sel i Catalitzadors d&#8217;Oxidaci\u00f3 Di\u00e8sel (Diesel Particulate Filters DPF i Diesel Oxidation Catalysts DOC).<\/p>\n\n\n\n<p><strong>Transmissi\u00f3:<\/strong><br>Caixes de canvis autom\u00e0tiques i alentidor, per augmentar el confort i la suavitat de conducci\u00f3.<\/p>\n\n\n\n<p><strong>Seguretat:<\/strong><br>Sistema de frenada electr\u00f2nica (Electronic Braking System EBS), amb funcions antibloqueig (Antilock ABS) i antilliscant i (Antislip ASR). Programa d&#8217;Estabilitat Electr\u00f2nica (Electronic Stability Programme ESP).<\/p>\n\n\n\n<p><strong>Seient del conductor:<\/strong><\/p>\n\n\n\n<p>Totalment ajustable amb suspensi\u00f3 pneum\u00e0tica, cintur\u00f3 de seguretat de tres punts i reposabra\u00e7os.<\/p>\n\n\n\n<p><strong>Seients de passatgers:<\/strong><\/p>\n\n\n\n<p>19,55 a 70 places reclinables amb cinturons de seguretat, reposapeus, revister, porta-gots i insercions de cuir al reposacaps.<\/p>\n\n\n\n<p><strong>Capacitat de l&#8217;equipatge:<\/strong><\/p>\n\n\n\n<p>Fins a 10 m\u00b3 aprox. (sense incloure portaequipatges interns).<\/p>\n\n\n\n<p><strong>Envidrament:<\/strong><br>Parabrises laminat, enganxat i tintat, llunetes laterals i posteriors amb doble vidre resistent a la calor.<\/p>\n\n\n\n<p><strong>Climatitzaci\u00f3<\/strong><\/p>\n\n\n\n<p>Aire condicionat de l&#8217;habitacle amb funci\u00f3 fred\/calor.<\/p>\n\n\n\n<p><strong>Multim\u00e8dia:<\/strong><\/p>\n\n\n\n<p>Sistema audiovisual. Monitor fix frontal LCD amb pantalla plana TFT muntada al medi i micr\u00f2fons de conductor i guia. Connectors USB. Connexi\u00f3 Wi-Fi.<\/p>\n\n\n\n<p><strong>Caracter\u00edstiques addicionals:<br><\/strong>Llandes d&#8217;aliatge d&#8217;alumini Alcoa, cambra de marxa enrere, nevera (begudes sota demanda), catifes\/s\u00f2l s\u00edmil, fusta, acc\u00e9s per porta davantera i\/o central, cortines a les finestres laterals, porta d&#8217;entrada de vidre doble i finestra electr\u00f2nica del conductor calefactable, cortines davanteres dobles i independents per al conductor i guia. Preses de corrent de 220 volts CA (est\u00e0ndard europeu).<\/p>\n<\/div>\n<\/div>\n\n\n\n<div class=\"wp-block-group alignfull is-layout-constrained wp-block-group-is-layout-constrained\">\n<figure class=\"wp-block-gallery alignfull has-nested-images columns-4 is-cropped has-gray-light-background-color has-background wp-block-gallery-1 is-layout-flex wp-block-gallery-is-layout-flex\">\n<figure class=\"wp-block-image size-large\"><a href=\"https:\/\/www.autocaresnika.com\/wp-content\/uploads\/2023\/02\/galeria-4.jpg\"><img alt=\"\" loading=\"lazy\" decoding=\"async\" width=\"1024\" height=\"678\" data-id=\"364\" src=\"https:\/\/www.autocaresnika.com\/wp-content\/uploads\/2023\/02\/galeria-4-1024x678.jpg\" alt=\"\" class=\"wp-image-364\" srcset=\"https:\/\/www.autocaresnika.com\/wp-content\/uploads\/2023\/02\/galeria-4-1024x678.jpg 1024w, https:\/\/www.autocaresnika.com\/wp-content\/uploads\/2023\/02\/galeria-4-300x199.jpg 300w, https:\/\/www.autocaresnika.com\/wp-content\/uploads\/2023\/02\/galeria-4-768x508.jpg 768w, https:\/\/www.autocaresnika.com\/wp-content\/uploads\/2023\/02\/galeria-4-1536x1017.jpg 1536w, https:\/\/www.autocaresnika.com\/wp-content\/uploads\/2023\/02\/galeria-4.jpg 1920w\" sizes=\"auto, (max-width: 1024px) 100vw, 1024px\" \/><\/a><\/figure>\n\n\n\n<figure class=\"wp-block-image size-large\"><a href=\"https:\/\/www.autocaresnika.com\/wp-content\/uploads\/2023\/02\/galeria-img-3348.jpg\"><img alt=\"\" loading=\"lazy\" decoding=\"async\" width=\"1024\" height=\"683\" data-id=\"357\" src=\"https:\/\/www.autocaresnika.com\/wp-content\/uploads\/2023\/02\/galeria-img-3348-1024x683.jpg\" alt=\"\" class=\"wp-image-357\" srcset=\"https:\/\/www.autocaresnika.com\/wp-content\/uploads\/2023\/02\/galeria-img-3348-1024x683.jpg 1024w, https:\/\/www.autocaresnika.com\/wp-content\/uploads\/2023\/02\/galeria-img-3348-300x200.jpg 300w, https:\/\/www.autocaresnika.com\/wp-content\/uploads\/2023\/02\/galeria-img-3348-768x512.jpg 768w, https:\/\/www.autocaresnika.com\/wp-content\/uploads\/2023\/02\/galeria-img-3348-1536x1024.jpg 1536w, https:\/\/www.autocaresnika.com\/wp-content\/uploads\/2023\/02\/galeria-img-3348.jpg 1920w\" sizes=\"auto, (max-width: 1024px) 100vw, 1024px\" \/><\/a><\/figure>\n\n\n\n<figure class=\"wp-block-image size-large\"><a href=\"https:\/\/www.autocaresnika.com\/wp-content\/uploads\/2023\/02\/galeria-img-3339.jpg\"><img alt=\"\" loading=\"lazy\" decoding=\"async\" width=\"1024\" height=\"683\" data-id=\"342\" src=\"https:\/\/www.autocaresnika.com\/wp-content\/uploads\/2023\/02\/galeria-img-3339-1024x683.jpg\" alt=\"\" class=\"wp-image-342\" srcset=\"https:\/\/www.autocaresnika.com\/wp-content\/uploads\/2023\/02\/galeria-img-3339-1024x683.jpg 1024w, https:\/\/www.autocaresnika.com\/wp-content\/uploads\/2023\/02\/galeria-img-3339-300x200.jpg 300w, https:\/\/www.autocaresnika.com\/wp-content\/uploads\/2023\/02\/galeria-img-3339-768x512.jpg 768w, https:\/\/www.autocaresnika.com\/wp-content\/uploads\/2023\/02\/galeria-img-3339-1536x1024.jpg 1536w, https:\/\/www.autocaresnika.com\/wp-content\/uploads\/2023\/02\/galeria-img-3339.jpg 1920w\" sizes=\"auto, (max-width: 1024px) 100vw, 1024px\" \/><\/a><\/figure>\n\n\n\n<figure class=\"wp-block-image size-large\"><a href=\"https:\/\/www.autocaresnika.com\/wp-content\/uploads\/2023\/02\/galeria-img-3333.jpg\"><img alt=\"\" loading=\"lazy\" decoding=\"async\" width=\"1024\" height=\"683\" data-id=\"327\" src=\"https:\/\/www.autocaresnika.com\/wp-content\/uploads\/2023\/02\/galeria-img-3333-1024x683.jpg\" alt=\"\" class=\"wp-image-327\" srcset=\"https:\/\/www.autocaresnika.com\/wp-content\/uploads\/2023\/02\/galeria-img-3333-1024x683.jpg 1024w, https:\/\/www.autocaresnika.com\/wp-content\/uploads\/2023\/02\/galeria-img-3333-300x200.jpg 300w, https:\/\/www.autocaresnika.com\/wp-content\/uploads\/2023\/02\/galeria-img-3333-768x512.jpg 768w, https:\/\/www.autocaresnika.com\/wp-content\/uploads\/2023\/02\/galeria-img-3333-1536x1024.jpg 1536w, https:\/\/www.autocaresnika.com\/wp-content\/uploads\/2023\/02\/galeria-img-3333.jpg 1920w\" sizes=\"auto, (max-width: 1024px) 100vw, 1024px\" \/><\/a><\/figure>\n\n\n\n<figure class=\"wp-block-image size-large\"><a href=\"https:\/\/www.autocaresnika.com\/wp-content\/uploads\/2023\/02\/business-nikanuvis26.jpg\"><img alt=\"\" loading=\"lazy\" decoding=\"async\" width=\"1024\" height=\"678\" data-id=\"440\" src=\"https:\/\/www.autocaresnika.com\/wp-content\/uploads\/2023\/02\/business-nikanuvis26-1024x678.jpg\" alt=\"\" class=\"wp-image-440\" srcset=\"https:\/\/www.autocaresnika.com\/wp-content\/uploads\/2023\/02\/business-nikanuvis26-1024x678.jpg 1024w, https:\/\/www.autocaresnika.com\/wp-content\/uploads\/2023\/02\/business-nikanuvis26-300x199.jpg 300w, https:\/\/www.autocaresnika.com\/wp-content\/uploads\/2023\/02\/business-nikanuvis26-768x509.jpg 768w, https:\/\/www.autocaresnika.com\/wp-content\/uploads\/2023\/02\/business-nikanuvis26-1536x1018.jpg 1536w, https:\/\/www.autocaresnika.com\/wp-content\/uploads\/2023\/02\/business-nikanuvis26.jpg 1920w\" sizes=\"auto, (max-width: 1024px) 100vw, 1024px\" \/><\/a><\/figure>\n\n\n\n<figure class=\"wp-block-image size-large\"><a href=\"https:\/\/www.autocaresnika.com\/wp-content\/uploads\/2023\/02\/business-218a6100.jpg\"><img alt=\"\" loading=\"lazy\" decoding=\"async\" width=\"1024\" height=\"683\" data-id=\"443\" src=\"https:\/\/www.autocaresnika.com\/wp-content\/uploads\/2023\/02\/business-218a6100-1024x683.jpg\" alt=\"\" class=\"wp-image-443\" srcset=\"https:\/\/www.autocaresnika.com\/wp-content\/uploads\/2023\/02\/business-218a6100-1024x683.jpg 1024w, https:\/\/www.autocaresnika.com\/wp-content\/uploads\/2023\/02\/business-218a6100-300x200.jpg 300w, https:\/\/www.autocaresnika.com\/wp-content\/uploads\/2023\/02\/business-218a6100-768x512.jpg 768w, https:\/\/www.autocaresnika.com\/wp-content\/uploads\/2023\/02\/business-218a6100-1536x1024.jpg 1536w, https:\/\/www.autocaresnika.com\/wp-content\/uploads\/2023\/02\/business-218a6100.jpg 1920w\" sizes=\"auto, (max-width: 1024px) 100vw, 1024px\" \/><\/a><\/figure>\n\n\n\n<figure class=\"wp-block-image size-large\"><a href=\"https:\/\/www.autocaresnika.com\/wp-content\/uploads\/2023\/02\/business-218a6018.jpg\"><img alt=\"\" loading=\"lazy\" decoding=\"async\" width=\"1024\" height=\"683\" data-id=\"446\" src=\"https:\/\/www.autocaresnika.com\/wp-content\/uploads\/2023\/02\/business-218a6018-1024x683.jpg\" alt=\"\" class=\"wp-image-446\" srcset=\"https:\/\/www.autocaresnika.com\/wp-content\/uploads\/2023\/02\/business-218a6018-1024x683.jpg 1024w, https:\/\/www.autocaresnika.com\/wp-content\/uploads\/2023\/02\/business-218a6018-300x200.jpg 300w, https:\/\/www.autocaresnika.com\/wp-content\/uploads\/2023\/02\/business-218a6018-768x512.jpg 768w, https:\/\/www.autocaresnika.com\/wp-content\/uploads\/2023\/02\/business-218a6018-1536x1024.jpg 1536w, https:\/\/www.autocaresnika.com\/wp-content\/uploads\/2023\/02\/business-218a6018.jpg 1920w\" sizes=\"auto, (max-width: 1024px) 100vw, 1024px\" \/><\/a><\/figure>\n\n\n\n<figure class=\"wp-block-image size-large\"><a href=\"https:\/\/www.autocaresnika.com\/wp-content\/uploads\/2023\/02\/business-218a6306.jpg\"><img alt=\"\" loading=\"lazy\" decoding=\"async\" width=\"1024\" height=\"683\" data-id=\"449\" src=\"https:\/\/www.autocaresnika.com\/wp-content\/uploads\/2023\/02\/business-218a6306-1024x683.jpg\" alt=\"\" class=\"wp-image-449\" srcset=\"https:\/\/www.autocaresnika.com\/wp-content\/uploads\/2023\/02\/business-218a6306-1024x683.jpg 1024w, https:\/\/www.autocaresnika.com\/wp-content\/uploads\/2023\/02\/business-218a6306-300x200.jpg 300w, https:\/\/www.autocaresnika.com\/wp-content\/uploads\/2023\/02\/business-218a6306-768x512.jpg 768w, https:\/\/www.autocaresnika.com\/wp-content\/uploads\/2023\/02\/business-218a6306-1536x1024.jpg 1536w, https:\/\/www.autocaresnika.com\/wp-content\/uploads\/2023\/02\/business-218a6306.jpg 1920w\" sizes=\"auto, (max-width: 1024px) 100vw, 1024px\" \/><\/a><\/figure>\n<\/figure>\n<\/div>\n","protected":false},"excerpt":{"rendered":"<p>Viatja amb practicitat de manera f\u00e0cil aprofitant els nostres autocars de classe executiva, connecta&#8217;t al teu negoci amb Wi-Fi, mantenint el teu comprom\u00eds amb la preservaci\u00f3 del medi ambient. CARACTER\u00cdSTIQUES BUSINESS CLASS Homologaci\u00f3 Europea segons Norma T\u00e8cnica de Vehicle Complet. Motor:Diversos tipus de motors de 200 CV a 430 CV i normatives d&#8217;emissions Euro 5 [&hellip;]<\/p>\n","protected":false},"author":1,"featured_media":0,"parent":138,"menu_order":7,"comment_status":"closed","ping_status":"closed","template":"","meta":{"_seopress_robots_primary_cat":"","_seopress_titles_title":"","_seopress_titles_desc":"","_seopress_robots_index":"","inline_featured_image":false,"footnotes":""},"class_list":["post-511","page","type-page","status-publish","hentry"],"_links":{"self":[{"href":"https:\/\/www.autocaresnika.com\/ca\/wp-json\/wp\/v2\/pages\/511","targetHints":{"allow":["GET"]}}],"collection":[{"href":"https:\/\/www.autocaresnika.com\/ca\/wp-json\/wp\/v2\/pages"}],"about":[{"href":"https:\/\/www.autocaresnika.com\/ca\/wp-json\/wp\/v2\/types\/page"}],"author":[{"embeddable":true,"href":"https:\/\/www.autocaresnika.com\/ca\/wp-json\/wp\/v2\/users\/1"}],"replies":[{"embeddable":true,"href":"https:\/\/www.autocaresnika.com\/ca\/wp-json\/wp\/v2\/comments?post=511"}],"version-history":[{"count":0,"href":"https:\/\/www.autocaresnika.com\/ca\/wp-json\/wp\/v2\/pages\/511\/revisions"}],"up":[{"embeddable":true,"href":"https:\/\/www.autocaresnika.com\/ca\/wp-json\/wp\/v2\/pages\/138"}],"wp:attachment":[{"href":"https:\/\/www.autocaresnika.com\/ca\/wp-json\/wp\/v2\/media?parent=511"}],"curies":[{"name":"wp","href":"https:\/\/api.w.org\/{rel}","templated":true}]}}