{"id":517,"date":"2023-02-15T17:58:20","date_gmt":"2023-02-15T17:58:20","guid":{"rendered":"https:\/\/www.autocaresnika.com\/flota\/first-class\/"},"modified":"2023-03-13T16:09:03","modified_gmt":"2023-03-13T16:09:03","slug":"first-class","status":"publish","type":"page","link":"https:\/\/www.autocaresnika.com\/ca\/flota\/first-class\/","title":{"rendered":"First Class"},"content":{"rendered":"\n<div class=\"wp-block-cover alignfull is-light header-pattern\"><span aria-hidden=\"true\" class=\"wp-block-cover__background has-background-dim-40 has-background-dim\"><\/span><img alt=\"\" loading=\"lazy\" decoding=\"async\" width=\"1920\" height=\"1272\" class=\"wp-block-cover__image-background wp-image-434\" alt=\"\" src=\"https:\/\/www.autocaresnika.com\/wp-content\/uploads\/2023\/02\/nikanuvis1.jpg\" data-object-fit=\"cover\" srcset=\"https:\/\/www.autocaresnika.com\/wp-content\/uploads\/2023\/02\/nikanuvis1.jpg 1920w, https:\/\/www.autocaresnika.com\/wp-content\/uploads\/2023\/02\/nikanuvis1-300x199.jpg 300w, https:\/\/www.autocaresnika.com\/wp-content\/uploads\/2023\/02\/nikanuvis1-1024x678.jpg 1024w, https:\/\/www.autocaresnika.com\/wp-content\/uploads\/2023\/02\/nikanuvis1-768x509.jpg 768w, https:\/\/www.autocaresnika.com\/wp-content\/uploads\/2023\/02\/nikanuvis1-1536x1018.jpg 1536w\" sizes=\"auto, (max-width: 1920px) 100vw, 1920px\" \/><div class=\"wp-block-cover__inner-container is-layout-flow wp-block-cover-is-layout-flow\">\n<div class=\"wp-block-group is-layout-constrained wp-block-group-is-layout-constrained\">\n<h1 class=\"has-text-align-center has-white-color has-text-color wp-block-heading\">Transport discrecional de viatgers<\/h1>\n\n\n\n<p class=\"has-text-align-center pattern-header has-white-color has-text-color has-large-font-size\"><strong>FLOTA<\/strong><\/p>\n<\/div>\n\n\n\n<div class=\"wp-block-outermost-icon-block items-justified-center button-down\"><a class=\"icon-container\" href=\"#start\" style=\"width:48px\"><svg viewBox=\"0 0 24 24\" xmlns=\"http:\/\/www.w3.org\/2000\/svg\" aria-hidden=\"true\"><path d=\"M17.5 11.6L12 16l-5.5-4.4.9-1.2L12 14l4.5-3.6 1 1.2z\"><\/path><\/svg><\/a><\/div>\n<\/div><\/div>\n\n\n\n<div class=\"wp-block-group alignfull is-style-section has-white-background-color has-background is-layout-constrained wp-block-group-is-layout-constrained\" id=\"start\">\n<div class=\"wp-block-group aligncenter is-layout-constrained wp-block-group-is-layout-constrained\">\n<h2 class=\"wp-block-heading\">Gaudeix del teu viatge en un autocar de primera classe i cuidant el medi ambient, en un vehicle de luxe i de baixes emissions.<\/h2>\n\n\n\n<div style=\"height:1.5em\" aria-hidden=\"true\" class=\"wp-block-spacer\"><\/div>\n\n\n\n<h3 class=\"wp-block-heading\">CARACTER\u00cdSTIQUES FIRST CLASS<\/h3>\n\n\n\n<div style=\"height:1.5em\" aria-hidden=\"true\" class=\"wp-block-spacer\"><\/div>\n\n\n\n<p>Homologaci\u00f3 Europea segons Norma T\u00e8cnica de Vehicle Complet.<\/p>\n\n\n\n<p><strong>Motor:<\/strong><br>Diversos tipus de motoritzacions des de 200 cv a 430 cv i normativa d&#8217;emissions Euro 6.<\/p>\n\n\n\n<p><strong>Control d&#8217;emissions del motor mitjan\u00e7ant:<\/strong><\/p>\n\n\n\n<p>Reducci\u00f3 Catal\u00edtica Selectiva (Selective Catalytic Reduction SCR), Recirculaci\u00f3 de Gasos d&#8217;Escape (Exhaust Gas Recirculation EGR), Filtres de Part\u00edcules Di\u00e8sel i Catalitzadors d&#8217;Oxidaci\u00f3 Di\u00e8sel (Diesel Particulate Filters DPF i Diesel Oxidation Catalysts DOC).<\/p>\n\n\n\n<p><strong>Transmissi\u00f3:<\/strong><\/p>\n\n\n\n<p>Caixes de canvi autom\u00e0tiques, per augmentar el confort de marxa. Com a m\u00e0xim exponent la nova Volvo AT2412F I-Shift Caixa de canvis de 12 velocitats completament automatitzada amb retardador integral.<\/p>\n\n\n\n<p><strong>Caracter\u00edstiques de seguretat:<\/strong><\/p>\n\n\n\n<p>Sistema de frenada electr\u00f2nica (Electronic Braking System EBS), amb funcions antibloqueig (Antilock ABS) i antilliscant i (Antislip ASR). Programa d&#8217;Estabilitat Electr\u00f2nica (Electronic Stability Programme ESP). Sistema d&#8217;assist\u00e8ncia al conductor que inclou el sistema de frenada d&#8217;emerg\u00e8ncia d&#8217;advert\u00e8ncia de col\u00b7lisi\u00f3 (Collision Warning Emergency Braking system CWEB), el Sistema d&#8217;Assist\u00e8ncia per Mantenir-se al Carril (Lane Keeping Support system LKS). Control de creuer adaptatiu (Adaptive Cruise Control ACC).<\/p>\n\n\n\n<p><strong>Seients de passatgers:<\/strong><\/p>\n\n\n\n<p>Des de 19, 35, 55, 59 i 70 places, reclinables amb cinturons de seguretat de tres punts, reposapeus de dues posicions, revister, porta-gots i insercions de cuir al reposacaps.<\/p>\n\n\n\n<p><strong>Capacitat de l&#8217;equipatge:<\/strong><\/p>\n\n\n\n<p>Fins a 10 m\u00b3 aprox. (sense incloure portaequipatges interns).<\/p>\n\n\n\n<p><strong>Envidrament:<\/strong><br>Parabrises laminat amb tractament Optikool, enganxat i extratintat, vidres laterals i posterior amb doble vidre resistent a la calor.<\/p>\n\n\n\n<p><strong>Aire climatitzat:<\/strong><\/p>\n\n\n\n<p>Climatitzaci\u00f3 de l&#8217;habitacle dels passatgers amb funci\u00f3 de fred\/calor.<\/p>\n\n\n\n<p><strong>Multim\u00e8dia:<\/strong><\/p>\n\n\n\n<p>Sistema audiovisual Bosch Classic Line. Monitor fix frontal LCD de 22\u201d amb filtre 3M i pantalla plana TFT de muntatge mitj\u00e0 de 19\u201d i micr\u00f2fons de conductor i guia. Connectors USB. Connexi\u00f3 Wi-Fi.<\/p>\n\n\n\n<p><strong>caracter\u00edstiques addicionals:<\/strong><\/p>\n\n\n\n<p>Llandes d&#8217;aliatge Alcoa Dura-Bright, cambra de marxa enrere, nevera (begudes pr\u00e8via sol\u00b7licitud), catifes\/s\u00f2l s\u00edmil, fusta, acc\u00e9s per porta davantera i\/o central, cortines a les finestres laterals, porta d&#8217;entrada de doble vidre i finestra del conductor amb calefacci\u00f3 i elevallunes el\u00e8ctrics, para-sols davanters motoritzats dobles i independents per al conductor i el guia. Preses de corrent de 220 volts CA (est\u00e0ndard europeu).<\/p>\n<\/div>\n<\/div>\n\n\n\n<figure class=\"wp-block-gallery alignfull has-nested-images columns-4 is-cropped has-gray-light-background-color has-background wp-block-gallery-1 is-layout-flex wp-block-gallery-is-layout-flex\">\n<figure class=\"wp-block-image size-large\"><a href=\"https:\/\/www.autocaresnika.com\/wp-content\/uploads\/2023\/02\/galeria-3.jpg\"><img alt=\"\" loading=\"lazy\" decoding=\"async\" width=\"1024\" height=\"680\" data-id=\"373\" src=\"https:\/\/www.autocaresnika.com\/wp-content\/uploads\/2023\/02\/galeria-3-1024x680.jpg\" alt=\"\" class=\"wp-image-373\" srcset=\"https:\/\/www.autocaresnika.com\/wp-content\/uploads\/2023\/02\/galeria-3-1024x680.jpg 1024w, https:\/\/www.autocaresnika.com\/wp-content\/uploads\/2023\/02\/galeria-3-300x199.jpg 300w, https:\/\/www.autocaresnika.com\/wp-content\/uploads\/2023\/02\/galeria-3-768x510.jpg 768w, https:\/\/www.autocaresnika.com\/wp-content\/uploads\/2023\/02\/galeria-3-1536x1020.jpg 1536w, https:\/\/www.autocaresnika.com\/wp-content\/uploads\/2023\/02\/galeria-3.jpg 1920w\" sizes=\"auto, (max-width: 1024px) 100vw, 1024px\" \/><\/a><\/figure>\n\n\n\n<figure class=\"wp-block-image size-large\"><a href=\"https:\/\/www.autocaresnika.com\/wp-content\/uploads\/2023\/02\/galeria-5.jpg\"><img alt=\"\" loading=\"lazy\" decoding=\"async\" width=\"1024\" height=\"678\" data-id=\"370\" src=\"https:\/\/www.autocaresnika.com\/wp-content\/uploads\/2023\/02\/galeria-5-1024x678.jpg\" alt=\"\" class=\"wp-image-370\" srcset=\"https:\/\/www.autocaresnika.com\/wp-content\/uploads\/2023\/02\/galeria-5-1024x678.jpg 1024w, https:\/\/www.autocaresnika.com\/wp-content\/uploads\/2023\/02\/galeria-5-300x199.jpg 300w, https:\/\/www.autocaresnika.com\/wp-content\/uploads\/2023\/02\/galeria-5-768x508.jpg 768w, https:\/\/www.autocaresnika.com\/wp-content\/uploads\/2023\/02\/galeria-5-1536x1017.jpg 1536w, https:\/\/www.autocaresnika.com\/wp-content\/uploads\/2023\/02\/galeria-5.jpg 1920w\" sizes=\"auto, (max-width: 1024px) 100vw, 1024px\" \/><\/a><\/figure>\n\n\n\n<figure class=\"wp-block-image size-large\"><a href=\"https:\/\/www.autocaresnika.com\/wp-content\/uploads\/2023\/02\/galeria-4.jpg\"><img alt=\"\" loading=\"lazy\" decoding=\"async\" width=\"1024\" height=\"678\" data-id=\"364\" src=\"https:\/\/www.autocaresnika.com\/wp-content\/uploads\/2023\/02\/galeria-4-1024x678.jpg\" alt=\"\" class=\"wp-image-364\" srcset=\"https:\/\/www.autocaresnika.com\/wp-content\/uploads\/2023\/02\/galeria-4-1024x678.jpg 1024w, https:\/\/www.autocaresnika.com\/wp-content\/uploads\/2023\/02\/galeria-4-300x199.jpg 300w, https:\/\/www.autocaresnika.com\/wp-content\/uploads\/2023\/02\/galeria-4-768x508.jpg 768w, https:\/\/www.autocaresnika.com\/wp-content\/uploads\/2023\/02\/galeria-4-1536x1017.jpg 1536w, https:\/\/www.autocaresnika.com\/wp-content\/uploads\/2023\/02\/galeria-4.jpg 1920w\" sizes=\"auto, (max-width: 1024px) 100vw, 1024px\" \/><\/a><\/figure>\n\n\n\n<figure class=\"wp-block-image size-large\"><a href=\"https:\/\/www.autocaresnika.com\/wp-content\/uploads\/2023\/02\/galeria-img-3347.jpg\"><img alt=\"\" loading=\"lazy\" decoding=\"async\" width=\"1024\" height=\"683\" data-id=\"354\" src=\"https:\/\/www.autocaresnika.com\/wp-content\/uploads\/2023\/02\/galeria-img-3347-1024x683.jpg\" alt=\"\" class=\"wp-image-354\" srcset=\"https:\/\/www.autocaresnika.com\/wp-content\/uploads\/2023\/02\/galeria-img-3347-1024x683.jpg 1024w, https:\/\/www.autocaresnika.com\/wp-content\/uploads\/2023\/02\/galeria-img-3347-300x200.jpg 300w, https:\/\/www.autocaresnika.com\/wp-content\/uploads\/2023\/02\/galeria-img-3347-768x512.jpg 768w, https:\/\/www.autocaresnika.com\/wp-content\/uploads\/2023\/02\/galeria-img-3347-1536x1024.jpg 1536w, https:\/\/www.autocaresnika.com\/wp-content\/uploads\/2023\/02\/galeria-img-3347.jpg 1920w\" sizes=\"auto, (max-width: 1024px) 100vw, 1024px\" \/><\/a><\/figure>\n\n\n\n<figure class=\"wp-block-image size-large\"><a href=\"https:\/\/www.autocaresnika.com\/wp-content\/uploads\/2023\/02\/galeria-6.jpg\"><img alt=\"\" loading=\"lazy\" decoding=\"async\" width=\"1024\" height=\"676\" data-id=\"367\" src=\"https:\/\/www.autocaresnika.com\/wp-content\/uploads\/2023\/02\/galeria-6-1024x676.jpg\" alt=\"\" class=\"wp-image-367\" srcset=\"https:\/\/www.autocaresnika.com\/wp-content\/uploads\/2023\/02\/galeria-6-1024x676.jpg 1024w, https:\/\/www.autocaresnika.com\/wp-content\/uploads\/2023\/02\/galeria-6-300x198.jpg 300w, https:\/\/www.autocaresnika.com\/wp-content\/uploads\/2023\/02\/galeria-6-768x507.jpg 768w, https:\/\/www.autocaresnika.com\/wp-content\/uploads\/2023\/02\/galeria-6-1536x1014.jpg 1536w, https:\/\/www.autocaresnika.com\/wp-content\/uploads\/2023\/02\/galeria-6.jpg 1920w\" sizes=\"auto, (max-width: 1024px) 100vw, 1024px\" \/><\/a><\/figure>\n\n\n\n<figure class=\"wp-block-image size-large\"><a href=\"https:\/\/www.autocaresnika.com\/wp-content\/uploads\/2023\/02\/galeria-img-3336.jpg\"><img alt=\"\" loading=\"lazy\" decoding=\"async\" width=\"1024\" height=\"683\" data-id=\"336\" src=\"https:\/\/www.autocaresnika.com\/wp-content\/uploads\/2023\/02\/galeria-img-3336-1024x683.jpg\" alt=\"\" class=\"wp-image-336\" srcset=\"https:\/\/www.autocaresnika.com\/wp-content\/uploads\/2023\/02\/galeria-img-3336-1024x683.jpg 1024w, https:\/\/www.autocaresnika.com\/wp-content\/uploads\/2023\/02\/galeria-img-3336-300x200.jpg 300w, https:\/\/www.autocaresnika.com\/wp-content\/uploads\/2023\/02\/galeria-img-3336-768x512.jpg 768w, https:\/\/www.autocaresnika.com\/wp-content\/uploads\/2023\/02\/galeria-img-3336-1536x1024.jpg 1536w, https:\/\/www.autocaresnika.com\/wp-content\/uploads\/2023\/02\/galeria-img-3336.jpg 1920w\" sizes=\"auto, (max-width: 1024px) 100vw, 1024px\" \/><\/a><\/figure>\n\n\n\n<figure class=\"wp-block-image size-large\"><a href=\"https:\/\/www.autocaresnika.com\/wp-content\/uploads\/2023\/02\/galeria-img-3342.jpg\"><img alt=\"\" loading=\"lazy\" decoding=\"async\" width=\"1024\" height=\"683\" data-id=\"345\" src=\"https:\/\/www.autocaresnika.com\/wp-content\/uploads\/2023\/02\/galeria-img-3342-1024x683.jpg\" alt=\"\" class=\"wp-image-345\" srcset=\"https:\/\/www.autocaresnika.com\/wp-content\/uploads\/2023\/02\/galeria-img-3342-1024x683.jpg 1024w, https:\/\/www.autocaresnika.com\/wp-content\/uploads\/2023\/02\/galeria-img-3342-300x200.jpg 300w, https:\/\/www.autocaresnika.com\/wp-content\/uploads\/2023\/02\/galeria-img-3342-768x512.jpg 768w, https:\/\/www.autocaresnika.com\/wp-content\/uploads\/2023\/02\/galeria-img-3342-1536x1024.jpg 1536w, https:\/\/www.autocaresnika.com\/wp-content\/uploads\/2023\/02\/galeria-img-3342.jpg 1920w\" sizes=\"auto, (max-width: 1024px) 100vw, 1024px\" \/><\/a><\/figure>\n\n\n\n<figure class=\"wp-block-image size-large\"><a href=\"https:\/\/www.autocaresnika.com\/wp-content\/uploads\/2023\/02\/first-class-218a6002.jpg\"><img alt=\"\" loading=\"lazy\" decoding=\"async\" width=\"1024\" height=\"683\" data-id=\"452\" src=\"https:\/\/www.autocaresnika.com\/wp-content\/uploads\/2023\/02\/first-class-218a6002-1024x683.jpg\" alt=\"\" class=\"wp-image-452\" srcset=\"https:\/\/www.autocaresnika.com\/wp-content\/uploads\/2023\/02\/first-class-218a6002-1024x683.jpg 1024w, https:\/\/www.autocaresnika.com\/wp-content\/uploads\/2023\/02\/first-class-218a6002-300x200.jpg 300w, https:\/\/www.autocaresnika.com\/wp-content\/uploads\/2023\/02\/first-class-218a6002-768x512.jpg 768w, https:\/\/www.autocaresnika.com\/wp-content\/uploads\/2023\/02\/first-class-218a6002-1536x1024.jpg 1536w, https:\/\/www.autocaresnika.com\/wp-content\/uploads\/2023\/02\/first-class-218a6002.jpg 1920w\" sizes=\"auto, (max-width: 1024px) 100vw, 1024px\" \/><\/a><\/figure>\n<\/figure>\n","protected":false},"excerpt":{"rendered":"<p>Gaudeix del teu viatge en un autocar de primera classe i cuidant el medi ambient, en un vehicle de luxe i de baixes emissions. CARACTER\u00cdSTIQUES FIRST CLASS Homologaci\u00f3 Europea segons Norma T\u00e8cnica de Vehicle Complet. Motor:Diversos tipus de motoritzacions des de 200 cv a 430 cv i normativa d&#8217;emissions Euro 6. Control d&#8217;emissions del motor [&hellip;]<\/p>\n","protected":false},"author":1,"featured_media":0,"parent":138,"menu_order":17,"comment_status":"closed","ping_status":"closed","template":"","meta":{"_seopress_robots_primary_cat":"","_seopress_titles_title":"","_seopress_titles_desc":"","_seopress_robots_index":"","inline_featured_image":false,"footnotes":""},"class_list":["post-517","page","type-page","status-publish","hentry"],"_links":{"self":[{"href":"https:\/\/www.autocaresnika.com\/ca\/wp-json\/wp\/v2\/pages\/517","targetHints":{"allow":["GET"]}}],"collection":[{"href":"https:\/\/www.autocaresnika.com\/ca\/wp-json\/wp\/v2\/pages"}],"about":[{"href":"https:\/\/www.autocaresnika.com\/ca\/wp-json\/wp\/v2\/types\/page"}],"author":[{"embeddable":true,"href":"https:\/\/www.autocaresnika.com\/ca\/wp-json\/wp\/v2\/users\/1"}],"replies":[{"embeddable":true,"href":"https:\/\/www.autocaresnika.com\/ca\/wp-json\/wp\/v2\/comments?post=517"}],"version-history":[{"count":0,"href":"https:\/\/www.autocaresnika.com\/ca\/wp-json\/wp\/v2\/pages\/517\/revisions"}],"up":[{"embeddable":true,"href":"https:\/\/www.autocaresnika.com\/ca\/wp-json\/wp\/v2\/pages\/138"}],"wp:attachment":[{"href":"https:\/\/www.autocaresnika.com\/ca\/wp-json\/wp\/v2\/media?parent=517"}],"curies":[{"name":"wp","href":"https:\/\/api.w.org\/{rel}","templated":true}]}}