{"id":6,"date":"2022-11-25T05:52:58","date_gmt":"2022-11-25T05:52:58","guid":{"rendered":"https:\/\/www.autocaresnika.com\/?page_id=6"},"modified":"2025-10-29T08:17:52","modified_gmt":"2025-10-29T08:17:52","slug":"avis-legal","status":"publish","type":"page","link":"https:\/\/www.autocaresnika.com\/ca\/avis-legal\/","title":{"rendered":"Av\u00eds legal"},"content":{"rendered":"\n<h4 class=\"wp-block-heading\"><strong><em>1. DADES IDENTIFICATIVES<\/em><\/strong><\/h4>\n\n\n\n<p>En compliment del deure d&#8217;informaci\u00f3 recollit a l&#8217;article 10 de la Llei 34\/2002, d&#8217;11 de juliol, de Serveis de la Societat de la Informaci\u00f3 i del Comer\u00e7 Electr\u00f2nic, a continuaci\u00f3, es reflecteixen les dades de l&#8217;empresa titular de domini web:<\/p>\n\n\n\n<p>AUTOCARES NIKA, S.L (en endavant, AUTOCARES NIKA)&nbsp;<\/p>\n\n\n\n<p>B-43288927<\/p>\n\n\n\n<p>Dades de contacte de l&#8217;empresa:<\/p>\n\n\n\n<p>Carrer de l&#8217;Estany, 52-57, Pol. Ind. Riu Clar, 43006 Tarragona.<\/p>\n\n\n\n<p>Tel. + 34 977 242 460<\/p>\n\n\n\n<p>nika@autocaresnika.com<\/p>\n\n\n\n<p>Dades d&#8217;inscripci\u00f3 en el Registre Mercantil de Tarragona: Tom 724, Foli 53, Full T-1230. \u00a0<\/p>\n\n\n\n<h4 class=\"wp-block-heading\"><strong><em>2. USUARIS<\/em><\/strong><\/h4>\n\n\n\n<p>L&#8217;acc\u00e9s i\/o \u00fas d&#8217;aquest portal d&#8217;AUTOCARES NIKA atribueix la condici\u00f3 d&#8217;USUARI, que accepta, des d&#8217;aquest acc\u00e9s i\/o \u00fas, les Condicions Generals d&#8217;\u00das aqu\u00ed reflectides.<\/p>\n\n\n\n<h4 class=\"wp-block-heading\"><strong><em>3. \u00daS DEL PORTAL<\/em><\/strong><\/h4>\n\n\n\n<p>El web www.autocaresnika.com, proporciona l&#8217;acc\u00e9s a multitud d&#8217;informacions, serveis o dades (d&#8217;ara endavant, &#8220;els continguts&#8221;) a Internet pertanyents a AUTOCARES NIKA. L&#8217;USUARI assumeix la responsabilitat de l&#8217;\u00fas del portal.\u00a0\u00a0\u00a0\u00a0\u00a0\u00a0<\/p>\n\n\n\n<p>L&#8217;USUARI ser\u00e0 responsable d&#8217;aportar informaci\u00f3 vera\u00e7 i l\u00edcita quan se li sol\u00b7liciti i es compromet a fer un \u00fas diligent de la informaci\u00f3 i continguts que conegui i que AUTOCARES NIKA ofereix a trav\u00e9s del seu portal i amb car\u00e0cter enunciatiu, per\u00f2 no limitatiu, a no emprar-los per:<\/p>\n\n\n\n<ol class=\"wp-block-list\">\n<li>inc\u00f3rrer en activitats il\u00b7l\u00edcites, il\u00b7legals o contr\u00e0ries a la bona fe i a l&#8217;ordre p\u00fablic;&nbsp;<\/li>\n\n\n\n<li>difondre continguts o propaganda de car\u00e0cter racista, xen\u00f2fob, pornogr\u00e0fic-il\u00b7legal, d&#8217;apologia del terrorisme o atemptatori contra els drets humans;&nbsp;<\/li>\n\n\n\n<li>provocar danys en els sistemes f\u00edsics i l\u00f2gics d&#8217;AUTOCARES NIKA, dels seus prove\u00efdors o de terceres persones, introduir o difondre en la xarxa virus inform\u00e0tics o qualssevol altres sistemes f\u00edsics o l\u00f2gics que siguin susceptibles de provocar els danys anteriorment esmentats;&nbsp;<\/li>\n\n\n\n<li>intentar accedir i, si s&#8217;escau, utilitzar els comptes de correu electr\u00f2nic d&#8217;altres usuaris i modificar o manipular els seus missatges. AUTOCARES NIKA es reserva el dret de retirar tots aquells comentaris i aportacions que vulnerin el respecte a la dignitat de la persona, que siguin discriminatoris, xen\u00f2fobs, racistes, pornogr\u00e0fics, que atempten contra la joventut o la inf\u00e0ncia, l&#8217;ordre o la seguretat p\u00fablica o que, al seu parer, no resultessin adequats per a la seva publicaci\u00f3. En qualsevol cas, AUTOCARES NIKA no ser\u00e0 responsable de les opinions abocades pels usuaris a trav\u00e9s dels f\u00f2rums, xats, o altres eines de participaci\u00f3.&nbsp;<\/li>\n<\/ol>\n\n\n\n<h4 class=\"wp-block-heading\"><strong><em>4. PROTECCI\u00d3 DE DADES<\/em><\/strong><\/h4>\n\n\n\n<p>AUTOCARES NIKA compleix amb les directrius de la normativa espanyola en mat\u00e8ria de Protecci\u00f3 de Dades de Car\u00e0cter Personal, i vetlla per garantir un correcte \u00fas i tractament de les dades personals de l&#8217;usuari. Tots els tractaments de dades que es realitzin en aquesta web es faran complint l&#8217;esmentada normativa proporcionant la informaci\u00f3 necess\u00e0ria i posant a disposici\u00f3 de l&#8217;USUARI el contacte per a l&#8217;exercici dels drets que t\u00e9 reconeguts.&nbsp;&nbsp;&nbsp;<\/p>\n\n\n\n<p>M\u00e9s informaci\u00f3 sobre protecci\u00f3 de dades a la Pol\u00edtica de Privacitat.<\/p>\n\n\n\n<p>Aix\u00ed mateix, AUTOCARES NIKA informa que dona compliment a la Llei 34\/2002 d&#8217;11 de juliol, de Serveis de la Societat de la Informaci\u00f3 i el Comer\u00e7 Electr\u00f2nic i li sol\u00b7licitar\u00e0 el seu consentiment al tractament del seu correu electr\u00f2nic amb finalitats comercials en cada moment.\u00a0\u00a0<\/p>\n\n\n\n<h4 class=\"wp-block-heading\"><strong><em>\u00a05. PROPIETAT INTEL\u00b7LECTUAL I INDUSTRIAL<\/em><\/strong><\/h4>\n\n\n\n<p>AUTOCARES NIKA per si mateix o com a cession\u00e0ria, \u00e9s titular de tots els drets de propietat intel\u00b7lectual i industrial de la seva p\u00e0gina web, aix\u00ed com dels elements continguts en la mateixa (a t\u00edtol enunciatiu, imatges, so, \u00e0udio, v\u00eddeo, programari o textos; marques o logotips, combinacions de colors, estructura i disseny, selecci\u00f3 de materials usats, programes d&#8217;ordinador necessaris per al seu funcionament,\u00a0acc\u00e9s i \u00fas, etc.), titularitat d&#8217;AUTOCARES NIKA o b\u00e9 dels seus llicenciats.\u00a0\u00a0\u00a0<\/p>\n\n\n\n<p>Tots els drets reservats.&nbsp;&nbsp;&nbsp;<\/p>\n\n\n\n<p>En virtut del que disposen els articles 8 i 32.1, par\u00e0graf segon, de la Llei de Propietat Intel\u00b7lectual, queden expressament prohibides la reproducci\u00f3, la distribuci\u00f3 i la comunicaci\u00f3 p\u00fablica, inclosa la seva modalitat de posada a disposici\u00f3, de la totalitat o part dels continguts d&#8217;aquesta p\u00e0gina web, amb finalitats comercials, en qualsevol suport i per qualsevol mitj\u00e0 t\u00e8cnic,\u00a0 sense l&#8217;autoritzaci\u00f3 d&#8217;AUTOCARES NIKA. L&#8217;USUARI es compromet a respectar els drets de Propietat Intel\u00b7lectual i Industrial titularitat d&#8217;AUTOCARES NIKA. Podr\u00e0 visualitzar els elements del portal i fins i tot imprimir-los, copiar-los i emmagatzemar-los en el disc dur del seu ordinador o en qualsevol altre suport f\u00edsic sempre que sigui, \u00fanicament i exclusivament, per al seu \u00fas personal i privat. L&#8217;USUARI haur\u00e0 d&#8217;abstenir-se de suprimir, alterar, eludir o manipular qualsevol dispositiu de protecci\u00f3 o sistema de seguretat que estigu\u00e9s instal\u00b7lat en www.autocaresnika.com.<\/p>\n\n\n\n<h4 class=\"wp-block-heading\"><strong><em>6. POL\u00cdTICA DE COOKIES<\/em><\/strong><\/h4>\n\n\n\n<p>L&#8217;empresa informa de la seva pol\u00edtica de cookies, complint aix\u00ed amb el que preveu l&#8217;article 22.2 de la Llei 34\/2002, d&#8217;11 de juliol de Serveis de la Societat de la Informaci\u00f3 i de Comer\u00e7 Electr\u00f2nic.<\/p>\n\n\n\n<p>M\u00e9s informaci\u00f3 a la nostra Pol\u00edtica de Cookies.<\/p>\n\n\n\n<h4 class=\"wp-block-heading\"><strong><em>7. EXCLUSI\u00d3 DE GARANTIES I RESPONSABILITAT<\/em><\/strong><\/h4>\n\n\n\n<p>AUTOCARES NIKA no es fa responsable, en cap cas, dels danys i perjudicis de qualsevol naturalesa que poguessin ocasionar, a t\u00edtol enunciatiu: errors o omissions en els continguts, manca de disponibilitat del portal o la transmissi\u00f3 de virus o programes maliciosos o lesius en els continguts, malgrat haver adoptat totes les mesures tecnol\u00f2giques necess\u00e0ries per evitar-ho.\u00a0<\/p>\n\n\n\n<h4 class=\"wp-block-heading\"><strong><em>8. MODIFICACIONS<\/em><\/strong><\/h4>\n\n\n\n<p>AUTOCARES NIKA es reserva el dret d&#8217;efectuar sense previ av\u00eds les modificacions que consideri oportunes en el seu portal, podent canviar, suprimir o afegir tant els continguts i serveis que es prestin a trav\u00e9s d&#8217;aquesta com la forma en la qual aquests apareguin presentats o localitzats en el seu portal. \u00a0<\/p>\n\n\n\n<h4 class=\"wp-block-heading\"><strong><em>9. ENLLA\u00c7OS<\/em><\/strong><\/h4>\n\n\n\n<p>En el cas que en www.autocaresnika.com es disposessin enlla\u00e7os o hipervincles feia altres llocs d&#8217;Internet, AUTOCARES NIKA no exercir\u00e0 cap tipus de control sobre aquests llocs i continguts. En cap cas, AUTOCARES NIKA assumir\u00e0 cap responsabilitat pels continguts d&#8217;algun enlla\u00e7 pertanyent a un lloc web ali\u00e8, ni garantir\u00e0 la disponibilitat t\u00e8cnica, qualitat, fiabilitat, exactitud, amplitud, veracitat, validesa i constitucionalitat de qualsevol material o informaci\u00f3 continguda en cap d&#8217;aquests hipervincles o altres llocs d&#8217;Internet. No som responsables d&#8217;examinar o avaluar el contingut o l&#8217;exactitud, ni garantim ni assumirem cap obligaci\u00f3 ni responsabilitat pels recursos o p\u00e0gines web de tercers, ni per cap altre material, producte o servei de tercers.&nbsp;&nbsp;&nbsp;<\/p>\n\n\n\n<p>AUTOCARES NIKA no \u00e9s responsable de cap dany o perjudici relacionat amb la compra o l&#8217;\u00fas de b\u00e9ns, serveis, recursos, contingut o qualsevol altra transacci\u00f3 realitzada en connexi\u00f3 amb llocs web de tercers. Revisi acuradament les pol\u00edtiques i pr\u00e0ctiques de tercers, i asseguri&#8217;s de comprendre-les abans de participar en qualsevol transacci\u00f3. Les queixes, reclams, inquietuds o preguntes referents a productes de tercers s&#8217;hi han de dirigir.&nbsp;&nbsp;<\/p>\n\n\n\n<p>Igualment, la inclusi\u00f3 d&#8217;aquestes connexions externes no implicar\u00e0 cap tipus d&#8217;associaci\u00f3, fusi\u00f3 o participaci\u00f3 amb les entitats connectades.<\/p>\n\n\n\n<h4 class=\"wp-block-heading\"><strong><em>10. DRET D&#8217;EXCLUSI\u00d3<\/em><\/strong><\/h4>\n\n\n\n<p>AUTOCARES NIKA es reserva el dret a denegar o retirar l&#8217;acc\u00e9s a portal i\/o els serveis oferts sense necessitat de preav\u00eds, a inst\u00e0ncia pr\u00f2pia o d&#8217;un tercer, a aquells usuaris que incompleixin les presents Condicions Generals d&#8217;\u00das. \u00a0<\/p>\n\n\n\n<h4 class=\"wp-block-heading\"><strong><em>11. GENERALITATS<\/em><\/strong><\/h4>\n\n\n\n<p>AUTOCARES NIKA perseguir\u00e0 l&#8217;incompliment de les presents condicions, aix\u00ed com qualsevol utilitzaci\u00f3 indeguda del seu portal exercint totes les accions civils i penals que li puguin correspondre en dret.\u00a0<\/p>\n\n\n\n<h4 class=\"wp-block-heading\"><strong><em>12. MODIFICACI\u00d3 DE LES PRESENTS CONDICIONS I DURADA<\/em><\/strong><\/h4>\n\n\n\n<p>AUTOCARES NIKA podr\u00e0 modificar en qualsevol moment les condicions aqu\u00ed determinades, essent degudament publicades com aqu\u00ed apareixen.<\/p>\n\n\n\n<p>La vig\u00e8ncia de les esmentades condicions anir\u00e0 en funci\u00f3 de la seva exposici\u00f3 i estaran vigents fins a degudament publicades. Que siguin modificades per altres.<\/p>\n\n\n\n<h4 class=\"wp-block-heading\"><strong><em>13. LEGISLACI\u00d3 APLICABLE I JURISDICCI\u00d3<\/em><\/strong><\/h4>\n\n\n\n<p>La relaci\u00f3 entre AUTOCARES NIKA i l&#8217;USUARI es regir\u00e0 per la normativa espanyola vigent i qualsevol controv\u00e8rsia se sotmetr\u00e0 als Jutjats i tribunals de la ciutat de Tarragona.<\/p>\n","protected":false},"excerpt":{"rendered":"<p>1. DADES IDENTIFICATIVES En compliment del deure d&#8217;informaci\u00f3 recollit a l&#8217;article 10 de la Llei 34\/2002, d&#8217;11 de juliol, de Serveis de la Societat de la Informaci\u00f3 i del Comer\u00e7 Electr\u00f2nic, a continuaci\u00f3, es reflecteixen les dades de l&#8217;empresa titular de domini web: AUTOCARES NIKA, S.L (en endavant, AUTOCARES NIKA)&nbsp; B-43288927 Dades de contacte de [&hellip;]<\/p>\n","protected":false},"author":1,"featured_media":0,"parent":0,"menu_order":32,"comment_status":"closed","ping_status":"closed","template":"controllers\/legal-page.php","meta":{"_seopress_robots_primary_cat":"","_seopress_titles_title":"","_seopress_titles_desc":"","_seopress_robots_index":"","inline_featured_image":false,"footnotes":""},"class_list":["post-6","page","type-page","status-publish","hentry"],"_links":{"self":[{"href":"https:\/\/www.autocaresnika.com\/ca\/wp-json\/wp\/v2\/pages\/6","targetHints":{"allow":["GET"]}}],"collection":[{"href":"https:\/\/www.autocaresnika.com\/ca\/wp-json\/wp\/v2\/pages"}],"about":[{"href":"https:\/\/www.autocaresnika.com\/ca\/wp-json\/wp\/v2\/types\/page"}],"author":[{"embeddable":true,"href":"https:\/\/www.autocaresnika.com\/ca\/wp-json\/wp\/v2\/users\/1"}],"replies":[{"embeddable":true,"href":"https:\/\/www.autocaresnika.com\/ca\/wp-json\/wp\/v2\/comments?post=6"}],"version-history":[{"count":0,"href":"https:\/\/www.autocaresnika.com\/ca\/wp-json\/wp\/v2\/pages\/6\/revisions"}],"wp:attachment":[{"href":"https:\/\/www.autocaresnika.com\/ca\/wp-json\/wp\/v2\/media?parent=6"}],"curies":[{"name":"wp","href":"https:\/\/api.w.org\/{rel}","templated":true}]}}